{"id":10520,"date":"2024-03-25T11:05:49","date_gmt":"2024-03-25T08:05:49","guid":{"rendered":"https:\/\/izmirtattoofest.com\/?page_id=10520"},"modified":"2024-03-25T11:14:15","modified_gmt":"2024-03-25T08:14:15","slug":"aydinlatma-metni","status":"publish","type":"page","link":"https:\/\/izmirtattoofest.com\/tr\/aydinlatma-metni\/","title":{"rendered":"Ayd\u0131nlatma Metni"},"content":{"rendered":"<p>\u0130\u015fbu metin, t\u00fcm m\u00fclkiyet haklar\u0131 Panormos Tattoo Dovme Malzemeleri \u0130thalat \u0130hracat. E\u011fitim San. Ltd \u015eti\u2019ne (\u201cPanormos\u201d) ait olan http:\/\/www.izmirtattoofest.com\/ web sitesi ve Panormos ile ili\u015fkili t\u00fcm \u015fah\u0131slara ait her t\u00fcrl\u00fc ki\u015fisel verilerin 6698 say\u0131l\u0131 Ki\u015fisel Verilerin Korunmas\u0131 Kanunu (\u201cKVK Kanunu\u201d)\u2019na uygun olarak i\u015flenerek, muhafaza edilmesine b\u00fcy\u00fck \u00f6nem vermekteyiz. Bu sorumlulu\u011fumuzun tam idraki ile ki\u015fisel verilerinizi a\u015fa\u011f\u0131da izah edildi\u011fi surette ve mevzuat taraf\u0131ndan \u00e7\u0131kart\u0131lan kanun s\u0131n\u0131rlar\u0131 \u00e7er\u00e7evesinde i\u015flemekteyiz.<\/p>\n<p>Madde 1- Ki\u015fisel Verilerin Toplanmas\u0131, \u0130\u015flenmesi ve \u0130\u015fleme Ama\u00e7lar\u0131<\/p>\n<p>Ki\u015fisel verileriniz, Panormos taraf\u0131ndan verilen hizmet, \u00fcr\u00fcn ya da ticari faaliyete ba\u011fl\u0131 olarak de\u011fi\u015fkenlik g\u00f6sterebilmekle beraber; otomatik ya da otomatik olmayan y\u00f6ntemlerle, ofisler, internet sitesi, sosyal medya mecralar\u0131, mobil uygulamalar ve benzeri vas\u0131talarla s\u00f6zl\u00fc, yaz\u0131l\u0131 ya da elektronik olarak toplanabilecektir. Panormos\u2019in \u00fcr\u00fcn ve hizmetlerinden yararland\u0131\u011f\u0131n\u0131z m\u00fcddet\u00e7e ki\u015fisel verileriniz olu\u015fturularak ve g\u00fcncellenerek i\u015flenebilecektir. Ayr\u0131ca, Panormos hizmetlerini kullanmak niyetiyle internet sayfam\u0131z\u0131 kulland\u0131\u011f\u0131n\u0131zda, internet sitemizi ziyaret etti\u011finizde ki\u015fisel verileriniz i\u015flenebilecektir.<\/p>\n<p>Kat\u0131l\u0131mc\u0131 olmaya aday olan \u00fcyelerimizin, kimlik, ileti\u015fim, i\u015f saatleri, sa\u011fl\u0131k bilgileri (hamilelik, bula\u015f\u0131c\u0131\/kronik hastal\u0131k, alerji\/cilt hastal\u0131klar\u0131), Seminer kapsam\u0131nda dok\u00fcmentasyon ama\u00e7l\u0131 \u00e7ekilen fotograf ve videolar\u0131; Seminer d\u00fczenlenebilmesi ve bu kapsamda hizmet sa\u011flamam\u0131z ve kamu sa\u011fl\u0131\u011f\u0131n\u0131n korunmas\u0131 ama\u00e7lar\u0131yla i\u015flenmektedir.<\/p>\n<p>Toplanan ki\u015fisel verileriniz, Panormos taraf\u0131ndan sunulan \u00fcr\u00fcn ve hizmetlerden sizleri faydaland\u0131rmak i\u00e7in gerekli \u00e7al\u0131\u015fmalar\u0131n ilgili birimlerimiz taraf\u0131ndan yap\u0131lmas\u0131, Panormos taraf\u0131ndan sunulan \u00fcr\u00fcn ve hizmetlerin sizlerin be\u011feni, kullan\u0131m al\u0131\u015fkanl\u0131klar\u0131 ve ihtiya\u00e7lar\u0131n\u0131za g\u00f6re \u00f6zelle\u015ftirilerek sizlere \u00f6nerilmesi, Panormos ve Panormos ile i\u015f ili\u015fkisi i\u00e7erisinde olan ki\u015filerin hukuki ve ticari g\u00fcvenli\u011finin temini, Panormos\u2019un ticari ve i\u015f stratejilerinin belirlenmesi ve uygulanmas\u0131, kamu sa\u011fl\u0131n\u0131n\u0131n korunmas\u0131 ama\u00e7lar\u0131yla  KVK Kanunu\u2019nun 5. ve 6. maddelerinde belirtilen ki\u015fisel veri i\u015fleme \u015fartlar\u0131 ve ama\u00e7lar\u0131 d\u00e2hilinde i\u015flenecektir.<\/p>\n<p>Madde 2- \u0130\u015flenen Ki\u015fisel Verilerin Kimlere ve Hangi Ama\u00e7la Aktar\u0131labilece\u011fi<\/p>\n<p>Toplanan ki\u015fisel verileriniz; Panormos taraf\u0131ndan sunulan \u00fcr\u00fcn ve hizmetlerden sizleri faydaland\u0131rmak i\u00e7in gerekli \u00e7al\u0131\u015fmalar\u0131n birimlerimiz taraf\u0131ndan yap\u0131lmas\u0131, Panormos taraf\u0131ndan sunulan \u00fcr\u00fcn ve hizmetlerin sizlerin be\u011feni, kullan\u0131m al\u0131\u015fkanl\u0131klar\u0131 ve ihtiya\u00e7lar\u0131n\u0131za g\u00f6re \u00f6zelle\u015ftirilerek sizlere \u00f6nerilmesi, Panormos ve Panormos ile i\u015f ili\u015fkisi i\u00e7erisinde olan ki\u015filerin hukuki ve ticari g\u00fcvenli\u011finin temini, Panormos\u2019un ticari ve i\u015f stratejilerinin belirlenmesi ve uygulanmas\u0131 ile Panormos\u2019in insan kaynaklar\u0131 politikalar\u0131n\u0131n y\u00fcr\u00fct\u00fclmesinin temini ama\u00e7lar\u0131yla i\u015f ortaklar\u0131m\u0131za, tedarik\u00e7ilerimize, kanunen yetkili kamu kurumlar\u0131 ve \u00f6zel ki\u015filere, KVK Kanunu\u2019nun 8. ve 9. maddelerinde belirtilen ki\u015fisel veri i\u015fleme \u015fartlar\u0131 ve ama\u00e7lar\u0131 \u00e7er\u00e7evesinde aktar\u0131labilecektir.<\/p>\n<p>Madde 3- Ki\u015fisel Veri Toplaman\u0131n Y\u00f6ntemi ve Hukuki Sebebi<\/p>\n<p>Ki\u015fisel verileriniz, her t\u00fcrl\u00fc s\u00f6zl\u00fc, yaz\u0131l\u0131 ya da elektronik ortamda, yukar\u0131da yer verilen ama\u00e7lar do\u011frultusunda Panormostaraf\u0131ndan sunulan \u00fcr\u00fcn ve hizmetlerin belirlenen yasal \u00e7er\u00e7evede sunulabilmesi ve bu kapsamda Panormos\u2019in s\u00f6zle\u015fme ve yasadan do\u011fan mesuliyetlerini eksiksiz ve do\u011fru bir \u015fekilde yerine getirebilmesi gayesi ile edinilir. Bu hukuki sebeple toplanan ki\u015fisel verileriniz KVK Kanunu\u2019nun 5. ve 6. maddelerinde belirtilen ki\u015fisel veri i\u015fleme \u015fartlar\u0131 ve ama\u00e7lar\u0131 kapsam\u0131nda bu metnin (1) ve (2) numaral\u0131 maddelerinde belirtilen ama\u00e7larla da i\u015flenebilmekte ve aktar\u0131labilmektedir.<\/p>\n<p>Madde 4- Ki\u015fisel Veri Sahibinin KVK Kanunu\u2019nun 11. Maddesinde Say\u0131lan Haklar\u0131<\/p>\n<p>Ki\u015fisel veri sahipleri olarak, haklar\u0131n\u0131za ili\u015fkin taleplerinizi a\u015fa\u011f\u0131da d\u00fczenlenen y\u00f6ntemlerle Panormos'a iletmeniz durumunda, Panormos talebin niteli\u011fine g\u00f6re talebi en k\u0131sa s\u00fcrede ve en ge\u00e7 otuz g\u00fcn i\u00e7inde \u00fccretsiz olarak sonu\u00e7land\u0131racakt\u0131r. Ancak, i\u015flemin ayr\u0131ca bir maliyeti gerektirmesi halinde, Panormos taraf\u0131ndan Ki\u015fisel Verileri Koruma Kurulu\u2019nca belirlenen tarifedeki \u00fccret al\u0131nacakt\u0131r.<\/p>\n<p>Bu kapsamda ki\u015fisel veri sahipleri;<\/p>\n<p>Ki\u015fisel veri i\u015flenip i\u015flenmedi\u011fini \u00f6\u011frenme,<\/p>\n<p>Ki\u015fisel verileri i\u015flenmi\u015fse buna ili\u015fkin bilgi talep etme,<\/p>\n<p>Ki\u015fisel verilerin i\u015flenme amac\u0131n\u0131 ve bunlar\u0131n amac\u0131na uygun kullan\u0131l\u0131p kullan\u0131lmad\u0131\u011f\u0131n\u0131 \u00f6\u011frenme,<\/p>\n<p>Yurt i\u00e7inde veya yurt d\u0131\u015f\u0131nda ki\u015fisel verilerin aktar\u0131ld\u0131\u011f\u0131 \u00fc\u00e7\u00fcnc\u00fc ki\u015fileri bilme,<\/p>\n<p>Ki\u015fisel verilerin eksik veya yanl\u0131\u015f i\u015flenmi\u015f olmas\u0131 h\u00e2linde bunlar\u0131n d\u00fczeltilmesini isteme ve bu kapsamda yap\u0131lan i\u015flemin ki\u015fisel verilerin aktar\u0131ld\u0131\u011f\u0131 \u00fc\u00e7\u00fcnc\u00fc ki\u015filere bildirilmesini isteme,<\/p>\n<p>&nbsp;<\/p>\n<p>6698 say\u0131l\u0131 Kanun ve ilgili di\u011fer kanun h\u00fck\u00fcmlerine uygun olarak i\u015flenmi\u015f olmas\u0131na ra\u011fmen, i\u015flenmesini gerektiren sebeplerin ortadan kalkmas\u0131 halinde ki\u015fisel verilerin silinmesini veya yok edilmesini isteme ve bu kapsamda yap\u0131lan i\u015flemin ki\u015fisel verilerin aktar\u0131ld\u0131\u011f\u0131 \u00fc\u00e7\u00fcnc\u00fc ki\u015filere bildirilmesini isteme, \u0130\u015flenen verilerin m\u00fcnhas\u0131ran otomatik sistemler vas\u0131tas\u0131yla analiz edilmesi suretiyle ki\u015finin kendisi aleyhine bir sonucun ortaya \u00e7\u0131kmas\u0131na itiraz etme, Ki\u015fisel verilerin kanuna ayk\u0131r\u0131 olarak i\u015flenmesi sebebiyle zarara u\u011framas\u0131 halinde zarar\u0131n giderilmesini talep etme haklar\u0131na sahiptir.<\/p>\n<p>6698 say\u0131l\u0131 Kanun\u2019un 13. maddesinin 1. f\u0131kras\u0131 gere\u011fince, yukar\u0131da belirtilen haklar\u0131n\u0131z\u0131 kullanmak ile ilgili talebinizi, Ayr\u0131nt\u0131l\u0131 Metin ve Ki\u015fisel Veri \u0130\u015flemlerinizle ilgili bizimle info@tattoobull.com mail adresinden irtibata ge\u00e7ebilirsiniz.<\/p>","protected":false},"excerpt":{"rendered":"<p>This text, all property rights Panormos Tattoo Dovme Malzemeleri \u0130thalat \u0130hracat. E\u011fitim San. Ltd \u015eti (&#8220;Panormos&#8221;), we attach great importance to the processing and preservation of all kinds of personal data belonging to all persons associated with the http:\/\/www.izmirtattoofest.com\/ website and Panormos in accordance with the Personal Data Protection Law No. 6698 (&#8220;KVK Law&#8221;). With [&hellip;]<\/p>\n","protected":false},"author":1,"featured_media":0,"parent":0,"menu_order":0,"comment_status":"closed","ping_status":"closed","template":"","meta":{"_themeisle_gutenberg_block_has_review":false,"footnotes":""},"class_list":["post-10520","page","type-page","status-publish","hentry"],"aioseo_notices":[],"_links":{"self":[{"href":"https:\/\/izmirtattoofest.com\/tr\/wp-json\/wp\/v2\/pages\/10520","targetHints":{"allow":["GET"]}}],"collection":[{"href":"https:\/\/izmirtattoofest.com\/tr\/wp-json\/wp\/v2\/pages"}],"about":[{"href":"https:\/\/izmirtattoofest.com\/tr\/wp-json\/wp\/v2\/types\/page"}],"author":[{"embeddable":true,"href":"https:\/\/izmirtattoofest.com\/tr\/wp-json\/wp\/v2\/users\/1"}],"replies":[{"embeddable":true,"href":"https:\/\/izmirtattoofest.com\/tr\/wp-json\/wp\/v2\/comments?post=10520"}],"version-history":[{"count":3,"href":"https:\/\/izmirtattoofest.com\/tr\/wp-json\/wp\/v2\/pages\/10520\/revisions"}],"predecessor-version":[{"id":10525,"href":"https:\/\/izmirtattoofest.com\/tr\/wp-json\/wp\/v2\/pages\/10520\/revisions\/10525"}],"wp:attachment":[{"href":"https:\/\/izmirtattoofest.com\/tr\/wp-json\/wp\/v2\/media?parent=10520"}],"curies":[{"name":"wp","href":"https:\/\/api.w.org\/{rel}","templated":true}]}}