{"id":10528,"date":"2024-03-25T11:39:34","date_gmt":"2024-03-25T08:39:34","guid":{"rendered":"https:\/\/izmirtattoofest.com\/?page_id=10528"},"modified":"2024-03-25T11:39:34","modified_gmt":"2024-03-25T08:39:34","slug":"cookie-policy","status":"publish","type":"page","link":"https:\/\/izmirtattoofest.com\/tr\/cookie-policy\/","title":{"rendered":"\u00c7erez Politikas\u0131"},"content":{"rendered":"<p>Panormos Tattoo Dovme Malzemeleri \u0130thalat \u0130hracat. E\u011fitim San. Ltd \u015eti\u2019ne (\u201cPanormos\u201d) ait olan www.izmirtattoofest.com\/ internet sitesi (\u201cSite\u201d) ziyaret\u00e7ilerinin (\u201cKullan\u0131c\u0131\u201d) \u00e7erezler (cookies) ve kullan\u0131c\u0131lar\u0131 tan\u0131mlamaya yarayan di\u011fer teknolojiler (t\u00fcm\u00fc \u201c\u00c7erezler\u201d olarak an\u0131lacakt\u0131r) vas\u0131tas\u0131yla ki\u015fisel verilerini toplamakta ve i\u015flemektedir.<br \/>\n\u00c7erez Politikas\u0131 (\u201cPolitika\u201d) \u00e7erez kullan\u0131m\u0131 hakk\u0131nda kullan\u0131c\u0131lar\u0131 bilgilendirmek amac\u0131yla haz\u0131rlanm\u0131\u015ft\u0131r.<br \/>\nKi\u015fisel verilerinizin i\u015flenmesine dair herhangi bir sorunuz olmas\u0131 durumunda info@izmirtattoofest.com \u00fczerinden bizimle ileti\u015fime ge\u00e7ebilirsiniz.<\/p>\n<p>1. \u00c7EREZ NED\u0130R?<br \/>\n\u00c7erezler, bir internet sitesini ya da mobil uygulamay\u0131 ziyaret etti\u011finizde taray\u0131c\u0131n\u0131za, bilgisayar\u0131n\u0131za veya mobil cihaz\u0131n\u0131za depolanan k\u00fc\u00e7\u00fck boyutlu dosyalard\u0131r. \u00c7erezler kullan\u0131c\u0131n\u0131n ve cihaz\u0131n\u0131n tan\u0131nmas\u0131na, kullan\u0131c\u0131n\u0131n tercihleri ve ge\u00e7mi\u015f i\u015flemleriyle ilgili baz\u0131 bilgilerin depolanmas\u0131na olanak tan\u0131r. \u00c7erezler vas\u0131tas\u0131yla kullan\u0131c\u0131lar\u0131n belirli bilgileri (IP adresi, i\u015fletim sistemi, g\u00f6r\u00fcnt\u00fclenen ekranlar, g\u00f6r\u00fcnt\u00fcleme s\u00fcreleri gibi) otomatik y\u00f6ntemlerle toplanmaktad\u0131r.<br \/>\n\u00c7erezler, kim taraf\u0131ndan sa\u011fland\u0131klar\u0131na g\u00f6re ikiye ayr\u0131lmaktad\u0131r: ziyaret etti\u011finiz internet sitesi\/mobil uygulama taraf\u0131ndan olu\u015fturulan \u00e7erezler birinci taraf \u00e7erezler; g\u00f6r\u00fcnt\u00fcledi\u011finiz sayfada i\u00e7erik sunan \u00fc\u00e7\u00fcnc\u00fc taraflar taraf\u0131ndan olu\u015fturulan \u00e7erezler ise \u00fc\u00e7\u00fcnc\u00fc taraf \u00e7erezlerdir.<br \/>\n\u00c7erezler, kullan\u0131m s\u00fcrelerine g\u00f6re oturum \u00e7erezleri ve kal\u0131c\u0131 \u00e7erezler olmak \u00fczere ikiye ayr\u0131lmaktad\u0131r. Oturum \u00e7erezleri, taray\u0131c\u0131 kapat\u0131l\u0131ncaya kadar ge\u00e7erlili\u011fini korur. Kal\u0131c\u0131 \u00e7erezler ise, taray\u0131c\u0131n\u0131zda saklanan ve taraf\u0131n\u0131zca silininceye dek veya son kullan\u0131m tarihine kadar ge\u00e7erlili\u011fini koruyan \u00e7erezlerdir.<br \/>\n\u00c7erezler ayr\u0131ca kullan\u0131m ama\u00e7lar\u0131na g\u00f6re de farkl\u0131 kategorilere ayr\u0131lmaktad\u0131r. A\u015fa\u011f\u0131daki tabloda hangi \u00e7erez kategorilerinin hangi ama\u00e7larla kullan\u0131ld\u0131\u011f\u0131na ili\u015fkin a\u00e7\u0131klamalar yer almaktad\u0131r:<\/p>\n<p>Teknik\/Zorunlu \u00c7erezler<br \/>\n\u0130nternet sitesinin\/mobil uygulaman\u0131n kullan\u0131m\u0131 ve i\u015flerli\u011fi i\u00e7in gerekli olan \u00e7erezlerdir. Teknik \u00e7erezler devre d\u0131\u015f\u0131 b\u0131rak\u0131ld\u0131\u011f\u0131 takdirde uygulaman\u0131n bir k\u0131sm\u0131na veya t\u00fcm\u00fcne eri\u015fim m\u00fcmk\u00fcn olmayabilir.<br \/>\nAnalitik \u00c7erezler<br \/>\n(Performans \u00c7erezleri)<br \/>\nAnalitik \u00e7erezler, kullan\u0131c\u0131lar\u0131n internet sitesini\/mobil uygulamay\u0131 nas\u0131l kulland\u0131klar\u0131 hakk\u0131nda bilgi toplar. Bu t\u00fcr \u00e7erezler kullan\u0131c\u0131 deneyimlerini iyile\u015ftirmek\/geli\u015ftirmek amac\u0131yla kullan\u0131lan \u00e7erezlerdir. Bu \u00e7erezler, ziyaret\u00e7iler\/kullan\u0131c\u0131lar taraf\u0131ndan g\u00f6r\u00fcnt\u00fclenen ekranlar\/ba\u011flant\u0131lar, t\u0131klanma say\u0131lar\u0131, sayfalar\u0131 kayd\u0131rma hareketleri ve bu sayfalara giri\u015f ve \u00e7\u0131k\u0131\u015f zamanlar\u0131 gibi bilgileri i\u00e7erir.<br \/>\n\u0130\u015flevsellik\/Ki\u015fiselle\u015ftirme \u00c7erezleri<br \/>\nKullan\u0131c\u0131lara ki\u015fiselle\u015ftirilmi\u015f bir deneyim sunmak amac\u0131yla kullan\u0131lan \u00e7erezlerdir. Bu \u00e7erezler dil tercihleriniz gibi tercihlerinizin internet sitesini\/mobil uygulamay\u0131 her ziyaret edi\u015finizde hat\u0131rlanmas\u0131n\u0131 sa\u011flar.<br \/>\nHedefleme\/Pazarlama \u00c7erezleri<br \/>\nKullan\u0131c\u0131lar\u0131n ilgi alanlar\u0131na g\u00f6re reklam\/kampanyalar\u0131n sunulmas\u0131 ve pazarlama \u00e7al\u0131\u015fmalar\u0131n\u0131n etkinli\u011fini \u00f6l\u00e7mek amac\u0131yla kullan\u0131lan \u00e7erezlerdir.<\/p>\n<p>2. \u00c7EREZLER\u0130N KULLANIM AMA\u00c7LARI<br \/>\nPanormos\u2019un \u00e7erezler vas\u0131tas\u0131yla toplad\u0131\u011f\u0131 ki\u015fisel verilerinizi i\u015fleme ama\u00e7lar\u0131 a\u015fa\u011f\u0131daki \u015fekildedir:<br \/>\nMobil uygulama kullan\u0131m\u0131n\u0131z\u0131n ve Site\u2019yi ziyaretinizin uygun bir \u015fekilde ger\u00e7ekle\u015ftirilmesinin ve bir sonraki kullan\u0131m\u0131n\u0131zda bilgilerinizin hat\u0131rlanmas\u0131n\u0131n sa\u011flanmas\u0131,<br \/>\nKullan\u0131c\u0131lar\u0131n ger\u00e7ekle\u015ftirdikleri i\u015flemlerin ve hareketlerinin takip edilmesi,<br \/>\nSitenin i\u015fleyi\u015finin ve i\u00e7eri\u011finin geli\u015ftirilmesi,<br \/>\nKullan\u0131mlar\u0131n istatistiksel olarak de\u011ferlendirilmesi, Site trafi\u011finin takip edilmesi,<br \/>\nMobil uygulamada ve Sitede yer alan i\u00e7eri\u011fin sizin ve cihaz\u0131n\u0131z i\u00e7in en etkili \u015fekilde sunulmas\u0131,<br \/>\nKullan\u0131c\u0131lara tercih ve kullan\u0131m al\u0131\u015fkanl\u0131klar\u0131 do\u011frultusunda \u00f6zelle\u015ftirilmi\u015f hizmetler sunulmas\u0131.<br \/>\n3. \u00c7EREZLER VASITASIYLA K\u0130\u015e\u0130SEL VER\u0130 \u0130\u015eLEMEN\u0130N HUKUK\u0130 SEBEB\u0130<br \/>\n\u00c7erezler vas\u0131tas\u0131yla toplanan ki\u015fisel verileriniz, bir hakk\u0131n tesisi, kullan\u0131lmas\u0131 veya korunmas\u0131 ile veri i\u015flemenin Panormos\u2019un me\u015fru menfaatleri i\u00e7in zorunlu olmas\u0131 hukuki sebeplerine dayal\u0131 olarak i\u015flenmektedir.<\/p>\n<p>4. \u00c7EREZ KULLANIMI NASIL DE\u011e\u0130\u015eT\u0130R\u0130L\u0130R VEYA ENGELLEN\u0130R<br \/>\nTaray\u0131c\u0131n\u0131z\u0131n ayarlar\u0131n\u0131 de\u011fi\u015ftirerek \u00e7erezleri etkinle\u015ftirebilir veya devre d\u0131\u015f\u0131 b\u0131rakabilirsiniz. Ancak bu durumda Sitenin bir k\u0131s\u0131m veya t\u00fcm fonksiyonlar\u0131ndan yararlan\u0131lmas\u0131 m\u00fcmk\u00fcn olmayabilir. Sitenin i\u015flerli\u011fi i\u00e7in zorunlu olan baz\u0131 \u00e7erez \u00e7e\u015fitlerinin (teknik \u00e7erezler gibi) engellenmesi ise m\u00fcmk\u00fcn de\u011fildir.<br \/>\n\u00c7erezleri nas\u0131l devre d\u0131\u015f\u0131 b\u0131rakaca\u011f\u0131n\u0131z hakk\u0131nda, a\u015fa\u011f\u0131da taray\u0131c\u0131n\u0131za \u00f6zg\u00fc linke t\u0131klayarak yard\u0131m alabilirsiniz:<br \/>\nGoogle Chrome\tsupport.google.com\/chrome\/answer\/95647<br \/>\nInternet Explorer\tsupport.microsoft.com\/tr\/help\/17442\/windows-internet-explorer-delete-manage-cookies<br \/>\nMozilla Firefox\tsupport.mozilla.org\/tr\/kb\/cerezleri-silme-web-sitelerinin-bilgilerini-kaldirma<br \/>\nSafari\tsupport.apple.com\/tr-tr\/guide\/safari\/sfri11471\/mac<br \/>\nOpera\toperaturkiye.net\/cerezleri-nasil-silebilirim\/index.html<br \/>\n5. VER\u0130LER\u0130N\u0130Z HANG\u0130 TARAFLARLA PAYLA\u015eILIR<br \/>\n\u00c7erezler vas\u0131tas\u0131yla toplad\u0131\u011f\u0131m\u0131z ki\u015fisel verilerinizi, Site\u2019nin\/mobil uygulaman\u0131n iyile\u015ftirilmesi ve geli\u015ftirilmesi ile yaz\u0131l\u0131msal hatalardan kurtar\u0131lmas\u0131 ama\u00e7lar\u0131yla destek ald\u0131\u011f\u0131m\u0131z tedarik\u00e7iler ve i\u015f ortaklar\u0131m\u0131zla payla\u015fmaktay\u0131z.<\/p>","protected":false},"excerpt":{"rendered":"<p>Panormos Tattoo Dovme Materials Import Export. Education San. Ltd \u015eti (&#8220;Panormos&#8221;), www.izmirtattoofest.com\/ website (&#8220;Site&#8221;) collects and processes personal data of its visitors (&#8220;User&#8221;) through cookies and other technologies that help to identify users (all referred to as &#8220;Cookies&#8221;). The Cookie Policy (&#8220;Policy&#8221;) has been prepared to inform users about the use of cookies. If you [&hellip;]<\/p>\n","protected":false},"author":1,"featured_media":0,"parent":0,"menu_order":0,"comment_status":"closed","ping_status":"closed","template":"","meta":{"_themeisle_gutenberg_block_has_review":false,"footnotes":""},"class_list":["post-10528","page","type-page","status-publish","hentry"],"aioseo_notices":[],"_links":{"self":[{"href":"https:\/\/izmirtattoofest.com\/tr\/wp-json\/wp\/v2\/pages\/10528","targetHints":{"allow":["GET"]}}],"collection":[{"href":"https:\/\/izmirtattoofest.com\/tr\/wp-json\/wp\/v2\/pages"}],"about":[{"href":"https:\/\/izmirtattoofest.com\/tr\/wp-json\/wp\/v2\/types\/page"}],"author":[{"embeddable":true,"href":"https:\/\/izmirtattoofest.com\/tr\/wp-json\/wp\/v2\/users\/1"}],"replies":[{"embeddable":true,"href":"https:\/\/izmirtattoofest.com\/tr\/wp-json\/wp\/v2\/comments?post=10528"}],"version-history":[{"count":1,"href":"https:\/\/izmirtattoofest.com\/tr\/wp-json\/wp\/v2\/pages\/10528\/revisions"}],"predecessor-version":[{"id":10530,"href":"https:\/\/izmirtattoofest.com\/tr\/wp-json\/wp\/v2\/pages\/10528\/revisions\/10530"}],"wp:attachment":[{"href":"https:\/\/izmirtattoofest.com\/tr\/wp-json\/wp\/v2\/media?parent=10528"}],"curies":[{"name":"wp","href":"https:\/\/api.w.org\/{rel}","templated":true}]}}