{"id":1394,"date":"2023-05-04T07:51:30","date_gmt":"2023-05-04T07:51:30","guid":{"rendered":"https:\/\/demo.ovatheme.com\/nighty\/?page_id=1394"},"modified":"2024-03-15T14:45:03","modified_gmt":"2024-03-15T11:45:03","slug":"faq","status":"publish","type":"page","link":"https:\/\/izmirtattoofest.com\/tr\/faq\/","title":{"rendered":"FAQ"},"content":{"rendered":"<div data-elementor-type=\"wp-page\" data-elementor-id=\"1394\" class=\"elementor elementor-1394\">\n\t\t\t\t\t\t<section class=\"elementor-section elementor-top-section elementor-element elementor-element-2329c3e elementor-section-boxed elementor-section-height-default elementor-section-height-default\" data-id=\"2329c3e\" data-element_type=\"section\" data-e-type=\"section\">\n\t\t\t\t\t\t<div class=\"elementor-container elementor-column-gap-default\">\n\t\t\t\t\t<div class=\"elementor-column elementor-col-50 elementor-top-column elementor-element elementor-element-339e659\" data-id=\"339e659\" data-element_type=\"column\" data-e-type=\"column\">\n\t\t\t<div class=\"elementor-widget-wrap elementor-element-populated\">\n\t\t\t\t\t\t<div class=\"elementor-element elementor-element-bbb1304 elementor-widget elementor-widget-image\" data-id=\"bbb1304\" data-element_type=\"widget\" data-e-type=\"widget\" data-widget_type=\"image.default\">\n\t\t\t\t<div class=\"elementor-widget-container\">\n\t\t\t\t\t\t\t\t\t\t\t\t\t\t\t<img fetchpriority=\"high\" decoding=\"async\" width=\"800\" height=\"533\" src=\"https:\/\/izmirtattoofest.com\/wp-content\/uploads\/2024\/03\/tattoo-faq.jpg\" class=\"attachment-large size-large wp-image-9833\" alt=\"\" srcset=\"https:\/\/izmirtattoofest.com\/wp-content\/uploads\/2024\/03\/tattoo-faq.jpg 800w, https:\/\/izmirtattoofest.com\/wp-content\/uploads\/2024\/03\/tattoo-faq-300x200.jpg 300w, https:\/\/izmirtattoofest.com\/wp-content\/uploads\/2024\/03\/tattoo-faq-768x512.jpg 768w, https:\/\/izmirtattoofest.com\/wp-content\/uploads\/2024\/03\/tattoo-faq-18x12.jpg 18w\" sizes=\"(max-width: 800px) 100vw, 800px\" \/>\t\t\t\t\t\t\t\t\t\t\t\t\t\t\t<\/div>\n\t\t\t\t<\/div>\n\t\t\t\t<div class=\"elementor-element elementor-element-0dc2706 elementor-widget elementor-widget-nighty_elementor_heading\" data-id=\"0dc2706\" data-element_type=\"widget\" data-e-type=\"widget\" data-widget_type=\"nighty_elementor_heading.default\">\n\t\t\t\t<div class=\"elementor-widget-container\">\n\t\t\t\t\t\n\t\t<div class=\"ova-heading template2\">\n\n\t\t\t\t\t\t\t<div class=\"sub-title-wrapper\">\n\t\t\t\t\t\t\t\t\t\t<h4 class=\"sub-title\">IZMIR TATTOO FEST <\/h4>\n\t\t\t\t<\/div>\n\t\t\t\n\t\t\t\t\t\t\t\n\t\t\t\t\t<h3 class=\"title\">D\u00f6vme Sanat\u00e7\u0131lar\u0131 i\u00e7in Festival Kurallar\u0131\n<\/h3>\n\n\t\t\t\t\n\t\t\t\n\t\t\t\n\t\t\t\t\t\t\t<p class=\"description\">Genel:\nT\u00fcm kat\u0131l\u0131mc\u0131lar profesyonel ve sayg\u0131l\u0131 bir tutum sergilemelidir.\nT\u00fcm kat\u0131l\u0131mc\u0131lar festival kurallar\u0131na uymak zorundad\u0131r.\nFestival organizat\u00f6rleri, gerekli g\u00f6rd\u00fckleri takdirde herhangi bir kat\u0131l\u0131mc\u0131y\u0131 festivalden uzakla\u015ft\u0131rabilir.\n\u00c7al\u0131\u015fma Alan\u0131:\nHer d\u00f6vme sanat\u00e7\u0131s\u0131na \u00e7al\u0131\u015fma alan\u0131 ve ekipman i\u00e7in bir stant tahsis edilecektir.\nStantlar temiz ve d\u00fczenli tutulmal\u0131d\u0131r.\nKullan\u0131lm\u0131\u015f i\u011fneler ve di\u011fer t\u0131bbi at\u0131klar uygun \u015fekilde bertaraf edilmelidir.\nT\u00fcm ekipman hijyen kurallar\u0131na uygun \u015fekilde sterilize edilmelidir.\nD\u00f6vme Uygulamas\u0131:\nD\u00f6vme uygulamadan \u00f6nce m\u00fc\u015fterinin kimli\u011fi ve ya\u015f\u0131 kontrol edilmelidir.\nM\u00fc\u015fterinin r\u0131zas\u0131 yaz\u0131l\u0131 olarak al\u0131nmal\u0131d\u0131r.\nT\u00fcm d\u00f6vme i\u015flemleri hijyen kurallar\u0131na uygun \u015fekilde yap\u0131lmal\u0131d\u0131r.\nKullan\u0131lan t\u00fcm malzemeler tek kullan\u0131ml\u0131k ve steril olmal\u0131d\u0131r.\nYar\u0131\u015fmalar:\nYar\u0131\u015fmalara kat\u0131lmak isteyen d\u00f6vme sanat\u00e7\u0131lar\u0131 \u00f6nceden kay\u0131t yapt\u0131rmal\u0131d\u0131r.\nYar\u0131\u015fma kurallar\u0131 ve \u015fartlar\u0131 \u00f6nceden t\u00fcm kat\u0131l\u0131mc\u0131lara bildirilecektir.\nJ\u00fcri \u00fcyelerinin karar\u0131 kesindir.\nKopya tasar\u0131mlar diskalifiye edilir. \nDi\u011fer:\nFestival alan\u0131nda organizasyon taraf\u0131ndan tan\u0131mlanm\u0131\u015f standlar d\u0131\u015f\u0131nda yiyecek ve i\u00e7ecek sat\u0131\u015f\u0131 yasakt\u0131r.\nFestival alan\u0131nda m\u00fczik \u00e7almak i\u00e7in organizat\u00f6rlerden izin al\u0131nmal\u0131d\u0131r.\nKat\u0131l\u0131mc\u0131lar festival alan\u0131nda organizasyondan izin almadan reklam ve promosyon yapamazlar.\nUla\u015f\u0131m:\nUla\u015f\u0131m hizmetleri i\u00e7in Optimum Taksi Dura\u011f\u0131 telefon numaras\u0131: +905321533768\nEshot otob\u00fcs seferleri 23:30\u2019a kadar olacakt\u0131r. Fuar \u00f6n\u00fcnden kalkan otob\u00fcs hatlar\u0131 a\u015fa\u011f\u0131dad\u0131r. 92 \u00dc\u00e7yol \/ 610 Semt Garaj\u0131 \/ 650\u00a0Fahrettin\u00a0Altay<\/p>\n\t\t\t\n\t\t\t\n\t\t\t\n\t\t<\/div>\n\n\t\t\t\t\t\t<\/div>\n\t\t\t\t<\/div>\n\t\t\t\t\t<\/div>\n\t\t<\/div>\n\t\t\t\t<div class=\"elementor-column elementor-col-50 elementor-top-column elementor-element elementor-element-2e8e26b\" data-id=\"2e8e26b\" data-element_type=\"column\" data-e-type=\"column\">\n\t\t\t<div class=\"elementor-widget-wrap elementor-element-populated\">\n\t\t\t\t\t\t<div class=\"elementor-element elementor-element-a2f1306 elementor-widget elementor-widget-nighty_elementor_heading\" data-id=\"a2f1306\" data-element_type=\"widget\" data-e-type=\"widget\" data-widget_type=\"nighty_elementor_heading.default\">\n\t\t\t\t<div class=\"elementor-widget-container\">\n\t\t\t\t\t\n\t\t<div class=\"ova-heading template2\">\n\n\t\t\t\t\t\t\t<div class=\"sub-title-wrapper\">\n\t\t\t\t\t\t\t\t\t\t<h4 class=\"sub-title\">IZMIR TATTOO FEST <\/h4>\n\t\t\t\t<\/div>\n\t\t\t\n\t\t\t\t\t\t\t\n\t\t\t\t\t<h3 class=\"title\">Yar\u0131\u015fma Kurallar\u0131<\/h3>\n\n\t\t\t\t\n\t\t\t\n\t\t\t\n\t\t\t\t\t\t\t<p class=\"description\">T\u00fcm kategorilerde 1., 2. ve 3. olmak \u00fczere 3 kazanan se\u00e7ilecek.\nHealed kategorisi hari\u00e7 t\u00fcm kategorilerde kazananlar festival s\u0131ras\u0131nda yap\u0131lan d\u00f6vmeler aras\u0131ndan se\u00e7ilecek.\nHer kategori yar\u0131\u015fmas\u0131n\u0131n j\u00fcrisi yar\u0131\u015fma \u00f6ncesi a\u00e7\u0131klanacak, j\u00fcrinin ba\u011f\u0131ms\u0131z kararlar\u0131 ge\u00e7erli olacakt\u0131r.\nKategoriler:\nBest of Healed Black&amp;Grey: \u0130yile\u015fmi\u015f siyah ve\/veya gri tonlarda d\u00f6vmeler aras\u0131ndan kazananlar se\u00e7ilecek. Bu kategoriye her artist maksimum iki d\u00f6vme sokabilir. \nBest of Healed Color: \u0130yile\u015fmi\u015f renkli d\u00f6vmeler aras\u0131ndan kazananlar se\u00e7ilecek. Bu kategoriye her artist maksimum iki d\u00f6vme sokabilir. \nBest of Small Black and Grey: Festival boyunca yap\u0131lan 10x10 cm ebad\u0131nda siyah ve\/veya gri tonlarda d\u00f6vmeler aras\u0131ndan ilk 3 se\u00e7ilecek.\nBest of Small Color: 10x10 cm ebad\u0131na kadar renkli d\u00f6vmeler aras\u0131ndan en iyiler belirlenecek.\nBest of Lettering and Calligraphy: Harf, yaz\u0131 ve kaligrafi tarz\u0131nda d\u00f6vmeler aras\u0131ndan en iyiler belirlenecek. \nBest of Friday: Cuma g\u00fcn\u00fcn\u00fcn birincileri (healed hari\u00e7) ve sadece bu kategoride yar\u0131\u015fmak isteyenler aras\u0131ndan g\u00fcn\u00fcn en iyi 3 \u00e7al\u0131\u015fmas\u0131 se\u00e7ilecek. \nBest of Young Skill: 24 ya\u015f alt\u0131 gen\u00e7 yeteneklerin kat\u0131labilece\u011fi yar\u0131\u015fmada en iyiler se\u00e7ilecek. 01.01.2000 ve sonraki g\u00fcnlerde do\u011fanlar kat\u0131labilir. Bu konuda kimlik beyan\u0131 zorunludur. Young Skill kategorisine herhangi bir tarz ile kat\u0131labilirsiniz. Young Skill\u2019de yar\u0131\u015fmaya kat\u0131lan \u00e7al\u0131\u015fmalar \u00f6d\u00fcl kazan\u0131p kazanmad\u0131\u011f\u0131na bak\u0131lmaks\u0131z\u0131n di\u011fer yar\u0131\u015fma kategorilerine kat\u0131labilir. Best of Young Skill yar\u0131\u015fmas\u0131 Cheyenne sponsorlu\u011funda yap\u0131lmaktad\u0131r. Birinci olan isim Cheyenne sponsorlu\u011funda Berlin Factory Day turu kazanacakt\u0131r. \nBest of New School: New School tarzda yap\u0131lan d\u00f6vmeler aras\u0131ndan en iyiler belirlenecek. \nBest of Color: Renkli d\u00f6vmeler aras\u0131ndan en iyi 3 \u00e7al\u0131\u015fma se\u00e7ilecek. Maksimum \u00f6l\u00e7\u00fc A4 ebat\u0131. \nBest of Black &amp; Grey: Siyah ve\/veya gri tonlarda yap\u0131lan d\u00f6vmeler aras\u0131ndan kazananlar se\u00e7ilecek. Maksimum \u00f6l\u00e7\u00fc A4 ebat\u0131.\nBest of Saturday: Cumartesi g\u00fcn\u00fcn\u00fcn birincileri ve sadece bu kategoride yar\u0131\u015fmak isteyenler aras\u0131nda g\u00fcn\u00fcn en iyi d\u00f6vmesi se\u00e7ilecek.\nBest of Traditional: Asian, Neo Traditional ve Old School tarzda yap\u0131lan d\u00f6vmeler aras\u0131ndan ilk \u00fc\u00e7 \u00e7al\u0131\u015fma se\u00e7ilecek. \nBest of Black Work: Black Work, Fine Line, Dotwork v.b t\u00fcm siyah \u00e7al\u0131\u015fmalar i\u00e7inden en iyiler se\u00e7ilecek.  \nBest of Avangarde: Bu kategoride kat\u0131lacak olan d\u00f6vmeler aras\u0131ndan en iyi 3 \u00e7al\u0131\u015fma se\u00e7ilecek.\nBest of Large Black &amp;Grey: A4 ebad\u0131ndan b\u00fcy\u00fck siyah ve\/veya gri tonlarda yap\u0131lan d\u00f6vmeler aras\u0131ndan en iyi 3 \u00e7al\u0131\u015fma se\u00e7ilecek.\nBest of Large Color: A4 ebad\u0131ndan b\u00fcy\u00fck renkli d\u00f6vmeler aras\u0131ndan en iyi 3 \u00e7al\u0131\u015fma se\u00e7ilecek. \nBest of Realism: Ger\u00e7ek\u00e7i d\u00f6vmeler aras\u0131ndan en iyiler 3 d\u00f6vme \u00e7al\u0131\u015fma se\u00e7ilecek. \nBest of Sunday: Pazar g\u00fcn\u00fcn\u00fcn birincileri ve sadece bu kategoride yar\u0131\u015fmak isteyenler aras\u0131ndan en iyi \u00e7al\u0131\u015fma se\u00e7ilecek.\nBest of Show: T\u00fcm g\u00fcnlerin birincileri ve sadece bu kategoride yar\u0131\u015fmak isteyenler aras\u0131ndan en iyi \u00e7al\u0131\u015fma se\u00e7ilecek.\n\nNOT: \nKopya tasar\u0131mlar diskalifiye edilir. \nKompozisyona devam etmek kayd\u0131yla ayn\u0131 d\u00f6vmeyle ikinci bir kategoride yar\u0131\u015fmaya dahil olabilir. \u00d6rne\u011fin A4 boyutundaki B&amp;G d\u00f6vme kompozisyon b\u00fct\u00fcnl\u00fc\u011f\u00fc sa\u011flan\u0131p b\u00fcy\u00fct\u00fclerek Large kategoriden de yar\u0131\u015fmaya girebilir.\nYar\u0131\u015fma ba\u015fvurular\u0131n\u0131n ayn\u0131 g\u00fcn 14:00\u2019e kadar \u0130zmir Tattoo Fest \u0130nfo Masas\u0131na yap\u0131lmas\u0131 gerekmektedir.\n\nHERKESE\u00a0BA\u015eARILAR!\n<\/p>\n\t\t\t\n\t\t\t\n\t\t\t\n\t\t<\/div>\n\n\t\t\t\t\t\t<\/div>\n\t\t\t\t<\/div>\n\t\t\t\t\t<\/div>\n\t\t<\/div>\n\t\t\t\t\t<\/div>\n\t\t<\/section>\n\t\t\t\t<section class=\"elementor-section elementor-top-section elementor-element elementor-element-b204519 elementor-section-boxed elementor-section-height-default elementor-section-height-default\" data-id=\"b204519\" data-element_type=\"section\" data-e-type=\"section\">\n\t\t\t\t\t\t<div class=\"elementor-container elementor-column-gap-default\">\n\t\t\t\t\t<div class=\"elementor-column elementor-col-100 elementor-top-column elementor-element elementor-element-c93d3d3\" data-id=\"c93d3d3\" data-element_type=\"column\" data-e-type=\"column\">\n\t\t\t<div class=\"elementor-widget-wrap\">\n\t\t\t\t\t\t\t<\/div>\n\t\t<\/div>\n\t\t\t\t\t<\/div>\n\t\t<\/section>\n\t\t\t\t<\/div>","protected":false},"excerpt":{"rendered":"<p>IZMIR TATTOO FEST Rules For Tattoo Artists General: All participants must maintain a professional and respectful attitude. All participants must abide by the festival rules. Festival organisers may suspend any participant from the festival if they deem it necessary. Work Space: Each tattoo artist will be allocated a booth for workspace and equipment. Booths must [&hellip;]<\/p>\n","protected":false},"author":1,"featured_media":0,"parent":0,"menu_order":0,"comment_status":"closed","ping_status":"closed","template":"elementor_header_footer","meta":{"_themeisle_gutenberg_block_has_review":false,"footnotes":""},"class_list":["post-1394","page","type-page","status-publish","hentry"],"aioseo_notices":[],"_links":{"self":[{"href":"https:\/\/izmirtattoofest.com\/tr\/wp-json\/wp\/v2\/pages\/1394","targetHints":{"allow":["GET"]}}],"collection":[{"href":"https:\/\/izmirtattoofest.com\/tr\/wp-json\/wp\/v2\/pages"}],"about":[{"href":"https:\/\/izmirtattoofest.com\/tr\/wp-json\/wp\/v2\/types\/page"}],"author":[{"embeddable":true,"href":"https:\/\/izmirtattoofest.com\/tr\/wp-json\/wp\/v2\/users\/1"}],"replies":[{"embeddable":true,"href":"https:\/\/izmirtattoofest.com\/tr\/wp-json\/wp\/v2\/comments?post=1394"}],"version-history":[{"count":12,"href":"https:\/\/izmirtattoofest.com\/tr\/wp-json\/wp\/v2\/pages\/1394\/revisions"}],"predecessor-version":[{"id":9836,"href":"https:\/\/izmirtattoofest.com\/tr\/wp-json\/wp\/v2\/pages\/1394\/revisions\/9836"}],"wp:attachment":[{"href":"https:\/\/izmirtattoofest.com\/tr\/wp-json\/wp\/v2\/media?parent=1394"}],"curies":[{"name":"wp","href":"https:\/\/api.w.org\/{rel}","templated":true}]}}