{"id":5053,"date":"2023-10-05T12:21:37","date_gmt":"2023-10-05T09:21:37","guid":{"rendered":"https:\/\/izmirtattoofest.com\/?page_id=5053"},"modified":"2023-12-28T16:13:07","modified_gmt":"2023-12-28T13:13:07","slug":"vendors","status":"publish","type":"page","link":"https:\/\/izmirtattoofest.com\/tr\/vendors\/","title":{"rendered":"Sat\u0131c\u0131lar"},"content":{"rendered":"<div data-elementor-type=\"wp-page\" data-elementor-id=\"5053\" class=\"elementor elementor-5053\">\n\t\t\t\t\t\t<section class=\"elementor-section elementor-top-section elementor-element elementor-element-106b16a elementor-section-boxed elementor-section-height-default elementor-section-height-default\" data-id=\"106b16a\" data-element_type=\"section\" data-e-type=\"section\">\n\t\t\t\t\t\t<div class=\"elementor-container elementor-column-gap-default\">\n\t\t\t\t\t<div class=\"elementor-column elementor-col-100 elementor-top-column elementor-element elementor-element-1bf7689\" data-id=\"1bf7689\" data-element_type=\"column\" data-e-type=\"column\">\n\t\t\t<div class=\"elementor-widget-wrap elementor-element-populated\">\n\t\t\t\t\t\t<div class=\"elementor-element elementor-element-0a53a14 elementor-widget elementor-widget-text-editor\" data-id=\"0a53a14\" data-element_type=\"widget\" data-e-type=\"widget\" data-widget_type=\"text-editor.default\">\n\t\t\t\t<div class=\"elementor-widget-container\">\n\t\t\t\t\t\t\t\t\t<p>D\u00f6vme sekt\u00f6r\u00fcnde lider firmalar\u0131n kat\u0131laca\u011f\u0131 etkinlikte, ekipman ihtiya\u00e7lar\u0131n\u0131z\u0131 kar\u015f\u0131layabilir, sekt\u00f6re dair en g\u00fcncel bilgileri ve t\u00fcm di\u011fer merak edilenleri ilk kayna\u011fa sorma f\u0131rsat\u0131 yakalayabilirsiniz.<\/p>\t\t\t\t\t\t\t\t<\/div>\n\t\t\t\t<\/div>\n\t\t\t\t\t<\/div>\n\t\t<\/div>\n\t\t\t\t\t<\/div>\n\t\t<\/section>\n\t\t\t\t<section class=\"elementor-section elementor-top-section elementor-element elementor-element-b073d22 elementor-section-boxed elementor-section-height-default elementor-section-height-default\" data-id=\"b073d22\" data-element_type=\"section\" data-e-type=\"section\">\n\t\t\t\t\t\t<div class=\"elementor-container elementor-column-gap-default\">\n\t\t\t\t\t<div class=\"elementor-column elementor-col-20 elementor-top-column elementor-element elementor-element-55162f3\" data-id=\"55162f3\" data-element_type=\"column\" data-e-type=\"column\">\n\t\t\t<div class=\"elementor-widget-wrap elementor-element-populated\">\n\t\t\t\t\t\t<div class=\"elementor-element elementor-element-863060d elementor-widget elementor-widget-image\" data-id=\"863060d\" data-element_type=\"widget\" data-e-type=\"widget\" data-widget_type=\"image.default\">\n\t\t\t\t<div class=\"elementor-widget-container\">\n\t\t\t\t\t\t\t\t\t\t\t\t\t\t\t<img fetchpriority=\"high\" decoding=\"async\" width=\"800\" height=\"800\" src=\"https:\/\/izmirtattoofest.com\/wp-content\/uploads\/2023\/10\/LOGO_PANORMOSArtboard-7_3-100-1024x1024.jpg\" class=\"attachment-large size-large wp-image-6394\" alt=\"\" srcset=\"https:\/\/izmirtattoofest.com\/wp-content\/uploads\/2023\/10\/LOGO_PANORMOSArtboard-7_3-100-1024x1024.jpg 1024w, https:\/\/izmirtattoofest.com\/wp-content\/uploads\/2023\/10\/LOGO_PANORMOSArtboard-7_3-100-300x300.jpg 300w, https:\/\/izmirtattoofest.com\/wp-content\/uploads\/2023\/10\/LOGO_PANORMOSArtboard-7_3-100-150x150.jpg 150w, https:\/\/izmirtattoofest.com\/wp-content\/uploads\/2023\/10\/LOGO_PANORMOSArtboard-7_3-100-768x768.jpg 768w, https:\/\/izmirtattoofest.com\/wp-content\/uploads\/2023\/10\/LOGO_PANORMOSArtboard-7_3-100-12x12.jpg 12w, https:\/\/izmirtattoofest.com\/wp-content\/uploads\/2023\/10\/LOGO_PANORMOSArtboard-7_3-100-630x630.jpg 630w, https:\/\/izmirtattoofest.com\/wp-content\/uploads\/2023\/10\/LOGO_PANORMOSArtboard-7_3-100.jpg 1081w\" sizes=\"(max-width: 800px) 100vw, 800px\" \/>\t\t\t\t\t\t\t\t\t\t\t\t\t\t\t<\/div>\n\t\t\t\t<\/div>\n\t\t\t\t\t<\/div>\n\t\t<\/div>\n\t\t\t\t<div class=\"elementor-column elementor-col-20 elementor-top-column elementor-element elementor-element-cf29829\" data-id=\"cf29829\" data-element_type=\"column\" data-e-type=\"column\">\n\t\t\t<div class=\"elementor-widget-wrap elementor-element-populated\">\n\t\t\t\t\t\t<div class=\"elementor-element elementor-element-1eb484d elementor-widget elementor-widget-image\" data-id=\"1eb484d\" data-element_type=\"widget\" data-e-type=\"widget\" data-widget_type=\"image.default\">\n\t\t\t\t<div class=\"elementor-widget-container\">\n\t\t\t\t\t\t\t\t\t\t\t\t\t\t\t<img decoding=\"async\" width=\"300\" height=\"300\" src=\"https:\/\/izmirtattoofest.com\/wp-content\/uploads\/2023\/10\/SATICILARArtboard-7_2-100-300x300.jpg\" class=\"attachment-medium size-medium wp-image-6366\" alt=\"\" srcset=\"https:\/\/izmirtattoofest.com\/wp-content\/uploads\/2023\/10\/SATICILARArtboard-7_2-100-300x300.jpg 300w, https:\/\/izmirtattoofest.com\/wp-content\/uploads\/2023\/10\/SATICILARArtboard-7_2-100-1024x1024.jpg 1024w, https:\/\/izmirtattoofest.com\/wp-content\/uploads\/2023\/10\/SATICILARArtboard-7_2-100-150x150.jpg 150w, https:\/\/izmirtattoofest.com\/wp-content\/uploads\/2023\/10\/SATICILARArtboard-7_2-100-768x769.jpg 768w, https:\/\/izmirtattoofest.com\/wp-content\/uploads\/2023\/10\/SATICILARArtboard-7_2-100-12x12.jpg 12w, https:\/\/izmirtattoofest.com\/wp-content\/uploads\/2023\/10\/SATICILARArtboard-7_2-100-630x631.jpg 630w, https:\/\/izmirtattoofest.com\/wp-content\/uploads\/2023\/10\/SATICILARArtboard-7_2-100.jpg 1080w\" sizes=\"(max-width: 300px) 100vw, 300px\" \/>\t\t\t\t\t\t\t\t\t\t\t\t\t\t\t<\/div>\n\t\t\t\t<\/div>\n\t\t\t\t\t<\/div>\n\t\t<\/div>\n\t\t\t\t<div class=\"elementor-column elementor-col-20 elementor-top-column elementor-element elementor-element-0343942\" data-id=\"0343942\" data-element_type=\"column\" data-e-type=\"column\">\n\t\t\t<div class=\"elementor-widget-wrap elementor-element-populated\">\n\t\t\t\t\t\t<div class=\"elementor-element elementor-element-6e83b1b elementor-widget elementor-widget-image\" data-id=\"6e83b1b\" data-element_type=\"widget\" data-e-type=\"widget\" data-widget_type=\"image.default\">\n\t\t\t\t<div class=\"elementor-widget-container\">\n\t\t\t\t\t\t\t\t\t\t\t\t\t\t\t<img decoding=\"async\" width=\"300\" height=\"300\" src=\"https:\/\/izmirtattoofest.com\/wp-content\/uploads\/2023\/10\/SATICILARArtboard-1_1-100-300x300.jpg\" class=\"attachment-medium size-medium wp-image-6364\" alt=\"\" srcset=\"https:\/\/izmirtattoofest.com\/wp-content\/uploads\/2023\/10\/SATICILARArtboard-1_1-100-300x300.jpg 300w, https:\/\/izmirtattoofest.com\/wp-content\/uploads\/2023\/10\/SATICILARArtboard-1_1-100-1024x1024.jpg 1024w, https:\/\/izmirtattoofest.com\/wp-content\/uploads\/2023\/10\/SATICILARArtboard-1_1-100-150x150.jpg 150w, https:\/\/izmirtattoofest.com\/wp-content\/uploads\/2023\/10\/SATICILARArtboard-1_1-100-768x769.jpg 768w, https:\/\/izmirtattoofest.com\/wp-content\/uploads\/2023\/10\/SATICILARArtboard-1_1-100-12x12.jpg 12w, https:\/\/izmirtattoofest.com\/wp-content\/uploads\/2023\/10\/SATICILARArtboard-1_1-100-630x631.jpg 630w, https:\/\/izmirtattoofest.com\/wp-content\/uploads\/2023\/10\/SATICILARArtboard-1_1-100.jpg 1080w\" sizes=\"(max-width: 300px) 100vw, 300px\" \/>\t\t\t\t\t\t\t\t\t\t\t\t\t\t\t<\/div>\n\t\t\t\t<\/div>\n\t\t\t\t\t<\/div>\n\t\t<\/div>\n\t\t\t\t<div class=\"elementor-column elementor-col-20 elementor-top-column elementor-element elementor-element-e882ba3\" data-id=\"e882ba3\" data-element_type=\"column\" data-e-type=\"column\">\n\t\t\t<div class=\"elementor-widget-wrap elementor-element-populated\">\n\t\t\t\t\t\t<div class=\"elementor-element elementor-element-40a52a1 elementor-widget elementor-widget-image\" data-id=\"40a52a1\" data-element_type=\"widget\" data-e-type=\"widget\" data-widget_type=\"image.default\">\n\t\t\t\t<div class=\"elementor-widget-container\">\n\t\t\t\t\t\t\t\t\t\t\t\t\t\t\t<img loading=\"lazy\" decoding=\"async\" width=\"300\" height=\"300\" src=\"https:\/\/izmirtattoofest.com\/wp-content\/uploads\/2023\/10\/SATICILARArtboard-1-100-300x300.jpg\" class=\"attachment-medium size-medium wp-image-6369\" alt=\"\" srcset=\"https:\/\/izmirtattoofest.com\/wp-content\/uploads\/2023\/10\/SATICILARArtboard-1-100-300x300.jpg 300w, https:\/\/izmirtattoofest.com\/wp-content\/uploads\/2023\/10\/SATICILARArtboard-1-100-1024x1024.jpg 1024w, https:\/\/izmirtattoofest.com\/wp-content\/uploads\/2023\/10\/SATICILARArtboard-1-100-150x150.jpg 150w, https:\/\/izmirtattoofest.com\/wp-content\/uploads\/2023\/10\/SATICILARArtboard-1-100-768x768.jpg 768w, https:\/\/izmirtattoofest.com\/wp-content\/uploads\/2023\/10\/SATICILARArtboard-1-100-12x12.jpg 12w, https:\/\/izmirtattoofest.com\/wp-content\/uploads\/2023\/10\/SATICILARArtboard-1-100-630x630.jpg 630w, https:\/\/izmirtattoofest.com\/wp-content\/uploads\/2023\/10\/SATICILARArtboard-1-100.jpg 1080w\" sizes=\"(max-width: 300px) 100vw, 300px\" \/>\t\t\t\t\t\t\t\t\t\t\t\t\t\t\t<\/div>\n\t\t\t\t<\/div>\n\t\t\t\t\t<\/div>\n\t\t<\/div>\n\t\t\t\t<div class=\"elementor-column elementor-col-20 elementor-top-column elementor-element elementor-element-ec19932\" data-id=\"ec19932\" data-element_type=\"column\" data-e-type=\"column\">\n\t\t\t<div class=\"elementor-widget-wrap elementor-element-populated\">\n\t\t\t\t\t\t<div class=\"elementor-element elementor-element-5889874 elementor-widget elementor-widget-image\" data-id=\"5889874\" data-element_type=\"widget\" data-e-type=\"widget\" data-widget_type=\"image.default\">\n\t\t\t\t<div class=\"elementor-widget-container\">\n\t\t\t\t\t\t\t\t\t\t\t\t\t\t\t<img loading=\"lazy\" decoding=\"async\" width=\"300\" height=\"300\" src=\"https:\/\/izmirtattoofest.com\/wp-content\/uploads\/2023\/10\/SATICILARArtboard-2-100-300x300.jpg\" class=\"attachment-medium size-medium wp-image-6370\" alt=\"\" srcset=\"https:\/\/izmirtattoofest.com\/wp-content\/uploads\/2023\/10\/SATICILARArtboard-2-100-300x300.jpg 300w, https:\/\/izmirtattoofest.com\/wp-content\/uploads\/2023\/10\/SATICILARArtboard-2-100-1024x1024.jpg 1024w, https:\/\/izmirtattoofest.com\/wp-content\/uploads\/2023\/10\/SATICILARArtboard-2-100-150x150.jpg 150w, https:\/\/izmirtattoofest.com\/wp-content\/uploads\/2023\/10\/SATICILARArtboard-2-100-768x768.jpg 768w, https:\/\/izmirtattoofest.com\/wp-content\/uploads\/2023\/10\/SATICILARArtboard-2-100-12x12.jpg 12w, https:\/\/izmirtattoofest.com\/wp-content\/uploads\/2023\/10\/SATICILARArtboard-2-100-630x630.jpg 630w, https:\/\/izmirtattoofest.com\/wp-content\/uploads\/2023\/10\/SATICILARArtboard-2-100.jpg 1080w\" sizes=\"(max-width: 300px) 100vw, 300px\" \/>\t\t\t\t\t\t\t\t\t\t\t\t\t\t\t<\/div>\n\t\t\t\t<\/div>\n\t\t\t\t\t<\/div>\n\t\t<\/div>\n\t\t\t\t\t<\/div>\n\t\t<\/section>\n\t\t\t\t<section class=\"elementor-section elementor-top-section elementor-element elementor-element-3c85622 elementor-section-boxed elementor-section-height-default elementor-section-height-default\" data-id=\"3c85622\" data-element_type=\"section\" data-e-type=\"section\">\n\t\t\t\t\t\t<div class=\"elementor-container elementor-column-gap-default\">\n\t\t\t\t\t<div class=\"elementor-column elementor-col-20 elementor-top-column elementor-element elementor-element-331b18a\" data-id=\"331b18a\" data-element_type=\"column\" data-e-type=\"column\">\n\t\t\t<div class=\"elementor-widget-wrap elementor-element-populated\">\n\t\t\t\t\t\t<div class=\"elementor-element elementor-element-703154f elementor-widget elementor-widget-image\" data-id=\"703154f\" data-element_type=\"widget\" data-e-type=\"widget\" data-widget_type=\"image.default\">\n\t\t\t\t<div class=\"elementor-widget-container\">\n\t\t\t\t\t\t\t\t\t\t\t\t\t\t\t<img loading=\"lazy\" decoding=\"async\" width=\"800\" height=\"800\" src=\"https:\/\/izmirtattoofest.com\/wp-content\/uploads\/2023\/12\/redline-tattoo-1024x1024.jpg\" class=\"attachment-large size-large wp-image-8124\" alt=\"\" srcset=\"https:\/\/izmirtattoofest.com\/wp-content\/uploads\/2023\/12\/redline-tattoo-1024x1024.jpg 1024w, https:\/\/izmirtattoofest.com\/wp-content\/uploads\/2023\/12\/redline-tattoo-300x300.jpg 300w, https:\/\/izmirtattoofest.com\/wp-content\/uploads\/2023\/12\/redline-tattoo-150x150.jpg 150w, https:\/\/izmirtattoofest.com\/wp-content\/uploads\/2023\/12\/redline-tattoo-768x769.jpg 768w, https:\/\/izmirtattoofest.com\/wp-content\/uploads\/2023\/12\/redline-tattoo-12x12.jpg 12w, https:\/\/izmirtattoofest.com\/wp-content\/uploads\/2023\/12\/redline-tattoo-630x631.jpg 630w, https:\/\/izmirtattoofest.com\/wp-content\/uploads\/2023\/12\/redline-tattoo.jpg 1080w\" sizes=\"(max-width: 800px) 100vw, 800px\" \/>\t\t\t\t\t\t\t\t\t\t\t\t\t\t\t<\/div>\n\t\t\t\t<\/div>\n\t\t\t\t\t<\/div>\n\t\t<\/div>\n\t\t\t\t<div class=\"elementor-column elementor-col-20 elementor-top-column elementor-element elementor-element-aacbedd\" data-id=\"aacbedd\" data-element_type=\"column\" data-e-type=\"column\">\n\t\t\t<div class=\"elementor-widget-wrap elementor-element-populated\">\n\t\t\t\t\t\t<div class=\"elementor-element elementor-element-89859ea elementor-widget elementor-widget-image\" data-id=\"89859ea\" data-element_type=\"widget\" data-e-type=\"widget\" data-widget_type=\"image.default\">\n\t\t\t\t<div class=\"elementor-widget-container\">\n\t\t\t\t\t\t\t\t\t\t\t\t\t\t\t<img loading=\"lazy\" decoding=\"async\" width=\"300\" height=\"300\" src=\"https:\/\/izmirtattoofest.com\/wp-content\/uploads\/2023\/12\/izmirtattoofest_1703603508_3266385434965478542_6336835906-300x300.jpg\" class=\"attachment-medium size-medium wp-image-8598\" alt=\"\" srcset=\"https:\/\/izmirtattoofest.com\/wp-content\/uploads\/2023\/12\/izmirtattoofest_1703603508_3266385434965478542_6336835906-300x300.jpg 300w, https:\/\/izmirtattoofest.com\/wp-content\/uploads\/2023\/12\/izmirtattoofest_1703603508_3266385434965478542_6336835906-1024x1024.jpg 1024w, https:\/\/izmirtattoofest.com\/wp-content\/uploads\/2023\/12\/izmirtattoofest_1703603508_3266385434965478542_6336835906-150x150.jpg 150w, https:\/\/izmirtattoofest.com\/wp-content\/uploads\/2023\/12\/izmirtattoofest_1703603508_3266385434965478542_6336835906-768x768.jpg 768w, https:\/\/izmirtattoofest.com\/wp-content\/uploads\/2023\/12\/izmirtattoofest_1703603508_3266385434965478542_6336835906-12x12.jpg 12w, https:\/\/izmirtattoofest.com\/wp-content\/uploads\/2023\/12\/izmirtattoofest_1703603508_3266385434965478542_6336835906-630x630.jpg 630w, https:\/\/izmirtattoofest.com\/wp-content\/uploads\/2023\/12\/izmirtattoofest_1703603508_3266385434965478542_6336835906.jpg 1080w\" sizes=\"(max-width: 300px) 100vw, 300px\" \/>\t\t\t\t\t\t\t\t\t\t\t\t\t\t\t<\/div>\n\t\t\t\t<\/div>\n\t\t\t\t\t<\/div>\n\t\t<\/div>\n\t\t\t\t<div class=\"elementor-column elementor-col-20 elementor-top-column elementor-element elementor-element-d29927e\" data-id=\"d29927e\" data-element_type=\"column\" data-e-type=\"column\">\n\t\t\t<div class=\"elementor-widget-wrap elementor-element-populated\">\n\t\t\t\t\t\t<div class=\"elementor-element elementor-element-4a41402 elementor-widget elementor-widget-image\" data-id=\"4a41402\" data-element_type=\"widget\" data-e-type=\"widget\" data-widget_type=\"image.default\">\n\t\t\t\t<div class=\"elementor-widget-container\">\n\t\t\t\t\t\t\t\t\t\t\t\t\t\t\t<img loading=\"lazy\" decoding=\"async\" width=\"300\" height=\"300\" src=\"https:\/\/izmirtattoofest.com\/wp-content\/uploads\/2023\/12\/izmirtattoofest_1703689191_3267104191014906425_6336835906-300x300.jpg\" class=\"attachment-medium size-medium wp-image-8601\" alt=\"\" srcset=\"https:\/\/izmirtattoofest.com\/wp-content\/uploads\/2023\/12\/izmirtattoofest_1703689191_3267104191014906425_6336835906-300x300.jpg 300w, https:\/\/izmirtattoofest.com\/wp-content\/uploads\/2023\/12\/izmirtattoofest_1703689191_3267104191014906425_6336835906-1024x1024.jpg 1024w, https:\/\/izmirtattoofest.com\/wp-content\/uploads\/2023\/12\/izmirtattoofest_1703689191_3267104191014906425_6336835906-150x150.jpg 150w, https:\/\/izmirtattoofest.com\/wp-content\/uploads\/2023\/12\/izmirtattoofest_1703689191_3267104191014906425_6336835906-768x768.jpg 768w, https:\/\/izmirtattoofest.com\/wp-content\/uploads\/2023\/12\/izmirtattoofest_1703689191_3267104191014906425_6336835906-12x12.jpg 12w, https:\/\/izmirtattoofest.com\/wp-content\/uploads\/2023\/12\/izmirtattoofest_1703689191_3267104191014906425_6336835906-630x630.jpg 630w, https:\/\/izmirtattoofest.com\/wp-content\/uploads\/2023\/12\/izmirtattoofest_1703689191_3267104191014906425_6336835906.jpg 1080w\" sizes=\"(max-width: 300px) 100vw, 300px\" \/>\t\t\t\t\t\t\t\t\t\t\t\t\t\t\t<\/div>\n\t\t\t\t<\/div>\n\t\t\t\t\t<\/div>\n\t\t<\/div>\n\t\t\t\t<div class=\"elementor-column elementor-col-20 elementor-top-column elementor-element elementor-element-504c3d9\" data-id=\"504c3d9\" data-element_type=\"column\" data-e-type=\"column\">\n\t\t\t<div class=\"elementor-widget-wrap\">\n\t\t\t\t\t\t\t<\/div>\n\t\t<\/div>\n\t\t\t\t<div class=\"elementor-column elementor-col-20 elementor-top-column elementor-element elementor-element-bc899c4\" data-id=\"bc899c4\" data-element_type=\"column\" data-e-type=\"column\">\n\t\t\t<div class=\"elementor-widget-wrap\">\n\t\t\t\t\t\t\t<\/div>\n\t\t<\/div>\n\t\t\t\t\t<\/div>\n\t\t<\/section>\n\t\t\t\t<section class=\"elementor-section elementor-top-section elementor-element elementor-element-2b9ceb8 elementor-section-boxed elementor-section-height-default elementor-section-height-default\" data-id=\"2b9ceb8\" data-element_type=\"section\" data-e-type=\"section\">\n\t\t\t\t\t\t<div class=\"elementor-container elementor-column-gap-default\">\n\t\t\t\t\t<div class=\"elementor-column elementor-col-100 elementor-top-column elementor-element elementor-element-563586b\" data-id=\"563586b\" data-element_type=\"column\" data-e-type=\"column\">\n\t\t\t<div class=\"elementor-widget-wrap elementor-element-populated\">\n\t\t\t\t\t\t<div class=\"elementor-element elementor-element-3e9a623 elementor-widget__width-initial elementor-widget elementor-widget-nighty_elementor_our_team_2\" data-id=\"3e9a623\" data-element_type=\"widget\" data-e-type=\"widget\" data-widget_type=\"nighty_elementor_our_team_2.default\">\n\t\t\t\t<div class=\"elementor-widget-container\">\n\t\t\t\t\t\n\t\t\t<div class=\"ova-our-team-2\">\n\n\t\t\t\t\n\t\t\t\t\t<div class=\"image\">\n\n\t\t\t\t\t\t<img decoding=\"async\" src=\"https:\/\/izmirtattoofest.com\/wp-content\/uploads\/2023\/10\/ITF03-100.jpg\" alt=\"VENDOR APPLICATION FORM\">\n\n\t\t\t\t\t\t<a href=\"\/tr\/vendor-application-form\/\" target=\"_blank\"  rel=\"nofollow\" class=\"view-more\">\n\t\t\t\t\t\t\tSATICI BA\u015eVURU FORMU\t\n\t\t\t\t\t\t<\/a>\n\n\t\t\t\t\t\t\n\t\t\t\t\t\t\t<ul class=\"socials\">\n\t\t\t\t\t\t\t\t\t\t\t\t\t\t\t\t\t<li>\n\t\t\t\t\t\t\t\t\t\t<a href=\"\/tr\/vendor-application-form\/\" target=\"_blank\" >\n\t\t\t\t\t\t\t\t\t\t\t<i aria-hidden=\"true\" class=\"fas fa-plus-circle\"><\/i>\t\n\t\t\t\t\t\t\t\t\t\t<\/a>\n\t\t\t\t\t\t\t\t\t<\/li>\n\t\t\t\t\t\t\t\t\t\t\t\t\t\t\t<\/ul>\n\n\t\t\t\t\t\t\n\t\t\t\t\t<\/div>\n\n\t\t\t\t\n\t\t\t\t<div class=\"info\">\n\n\t\t\t\t\t<div class=\"left\">\n\t\t\t\t\t\t\t\t\t\t\t\t\t<h5>\n\t\t\t\t\t\t\t\tSATICI BA\u015eVURU FORMU\t\t\n\t\t\t\t\t\t\t<\/h5>\n\t\t\t\t\t\t\t\t\t\t\t\t\t\t\t\t\t<\/div>\n\n\t\t\t\t\t<div class=\"right\">\n\t\t\t\t\t\t<button class=\"btn-plus\"><\/button>\n\t\t\t\t\t<\/div>\n\n\t\t\t\t<\/div>\n\n\t\t\t<\/div>\n\n\t\t\t\t\t\t<\/div>\n\t\t\t\t<\/div>\n\t\t\t\t\t<\/div>\n\t\t<\/div>\n\t\t\t\t\t<\/div>\n\t\t<\/section>\n\t\t\t\t<section class=\"elementor-section elementor-top-section elementor-element elementor-element-9a45a75 elementor-section-boxed elementor-section-height-default elementor-section-height-default\" data-id=\"9a45a75\" data-element_type=\"section\" data-e-type=\"section\">\n\t\t\t\t\t\t<div class=\"elementor-container elementor-column-gap-default\">\n\t\t\t\t\t<div class=\"elementor-column elementor-col-100 elementor-top-column elementor-element elementor-element-d2cbe35\" data-id=\"d2cbe35\" data-element_type=\"column\" data-e-type=\"column\">\n\t\t\t<div class=\"elementor-widget-wrap\">\n\t\t\t\t\t\t\t<\/div>\n\t\t<\/div>\n\t\t\t\t\t<\/div>\n\t\t<\/section>\n\t\t\t\t<\/div>","protected":false},"excerpt":{"rendered":"<p>At the event, leading companies in the tattoo industry will be present, where you can fulfill your equipment needs and have the opportunity to ask for the most up-to-date information about the industry and other burning questions from the\u00a0primary\u00a0source. VENDOR APPLICATION FORM VENDOR APPLICATION FORM<\/p>","protected":false},"author":1,"featured_media":0,"parent":0,"menu_order":0,"comment_status":"closed","ping_status":"closed","template":"elementor_header_footer","meta":{"_themeisle_gutenberg_block_has_review":false,"footnotes":""},"class_list":["post-5053","page","type-page","status-publish","hentry"],"aioseo_notices":[],"_links":{"self":[{"href":"https:\/\/izmirtattoofest.com\/tr\/wp-json\/wp\/v2\/pages\/5053","targetHints":{"allow":["GET"]}}],"collection":[{"href":"https:\/\/izmirtattoofest.com\/tr\/wp-json\/wp\/v2\/pages"}],"about":[{"href":"https:\/\/izmirtattoofest.com\/tr\/wp-json\/wp\/v2\/types\/page"}],"author":[{"embeddable":true,"href":"https:\/\/izmirtattoofest.com\/tr\/wp-json\/wp\/v2\/users\/1"}],"replies":[{"embeddable":true,"href":"https:\/\/izmirtattoofest.com\/tr\/wp-json\/wp\/v2\/comments?post=5053"}],"version-history":[{"count":6,"href":"https:\/\/izmirtattoofest.com\/tr\/wp-json\/wp\/v2\/pages\/5053\/revisions"}],"predecessor-version":[{"id":8604,"href":"https:\/\/izmirtattoofest.com\/tr\/wp-json\/wp\/v2\/pages\/5053\/revisions\/8604"}],"wp:attachment":[{"href":"https:\/\/izmirtattoofest.com\/tr\/wp-json\/wp\/v2\/media?parent=5053"}],"curies":[{"name":"wp","href":"https:\/\/api.w.org\/{rel}","templated":true}]}}