{"id":5056,"date":"2023-10-05T12:32:28","date_gmt":"2023-10-05T09:32:28","guid":{"rendered":"https:\/\/izmirtattoofest.com\/?page_id=5056"},"modified":"2026-04-27T16:15:25","modified_gmt":"2026-04-27T13:15:25","slug":"contest","status":"publish","type":"page","link":"https:\/\/izmirtattoofest.com\/tr\/contest\/","title":{"rendered":"Yar\u0131\u015fmalar"},"content":{"rendered":"<div data-elementor-type=\"wp-page\" data-elementor-id=\"5056\" class=\"elementor elementor-5056\">\n\t\t\t\t\t\t<section class=\"elementor-section elementor-top-section elementor-element elementor-element-5950c20 elementor-section-boxed elementor-section-height-default elementor-section-height-default\" data-id=\"5950c20\" data-element_type=\"section\" data-e-type=\"section\">\n\t\t\t\t\t\t<div class=\"elementor-container elementor-column-gap-default\">\n\t\t\t\t\t<div class=\"elementor-column elementor-col-100 elementor-top-column elementor-element elementor-element-a6b68df\" data-id=\"a6b68df\" data-element_type=\"column\" data-e-type=\"column\">\n\t\t\t<div class=\"elementor-widget-wrap elementor-element-populated\">\n\t\t\t\t\t\t<div class=\"elementor-element elementor-element-996c271 elementor-widget elementor-widget-text-editor\" data-id=\"996c271\" data-element_type=\"widget\" data-e-type=\"widget\" data-widget_type=\"text-editor.default\">\n\t\t\t\t<div class=\"elementor-widget-container\">\n\t\t\t\t\t\t\t\t\t<p>Farkl\u0131 kategorilerde d\u00fczenlenecek d\u00f6vme yar\u0131\u015fmalar\u0131na dahil olarak yar\u0131\u015fabilir, d\u00f6vme performanslar\u0131n\u0131 izleyerek d\u00fcnyan\u0131n d\u00f6rt bir yan\u0131ndan d\u00f6vme sanat\u00e7\u0131lar\u0131yla tan\u0131\u015fabilir ve d\u00f6vme tutkunlar\u0131yla birlikte keyifli vakit ge\u00e7irebilirsiniz.<\/p>\t\t\t\t\t\t\t\t<\/div>\n\t\t\t\t<\/div>\n\t\t\t\t\t<\/div>\n\t\t<\/div>\n\t\t\t\t\t<\/div>\n\t\t<\/section>\n\t\t\t\t<section class=\"elementor-section elementor-top-section elementor-element elementor-element-4f64499 elementor-section-boxed elementor-section-height-default elementor-section-height-default\" data-id=\"4f64499\" data-element_type=\"section\" data-e-type=\"section\">\n\t\t\t\t\t\t<div class=\"elementor-container elementor-column-gap-default\">\n\t\t\t\t\t<div class=\"elementor-column elementor-col-100 elementor-top-column elementor-element elementor-element-00c0eb2\" data-id=\"00c0eb2\" data-element_type=\"column\" data-e-type=\"column\">\n\t\t\t<div class=\"elementor-widget-wrap elementor-element-populated\">\n\t\t\t\t\t\t\t<\/div>\n\t\t<\/div>\n\t\t\t\t\t<\/div>\n\t\t<\/section>\n\t\t\t\t<section class=\"elementor-section elementor-top-section elementor-element elementor-element-40983fb elementor-section-boxed elementor-section-height-default elementor-section-height-default\" data-id=\"40983fb\" data-element_type=\"section\" data-e-type=\"section\">\n\t\t\t\t\t\t<div class=\"elementor-container elementor-column-gap-default\">\n\t\t\t\t\t<div class=\"elementor-column elementor-col-100 elementor-top-column elementor-element elementor-element-a74fa9f\" data-id=\"a74fa9f\" data-element_type=\"column\" data-e-type=\"column\">\n\t\t\t<div class=\"elementor-widget-wrap elementor-element-populated\">\n\t\t\t\t\t\t<div class=\"elementor-element elementor-element-be3b26d elementor-widget elementor-widget-heading\" data-id=\"be3b26d\" data-element_type=\"widget\" data-e-type=\"widget\" data-widget_type=\"heading.default\">\n\t\t\t\t<div class=\"elementor-widget-container\">\n\t\t\t\t\t<h2 class=\"elementor-heading-title elementor-size-default\">Details coming soon...<\/h2>\t\t\t\t<\/div>\n\t\t\t\t<\/div>\n\t\t\t\t\t<\/div>\n\t\t<\/div>\n\t\t\t\t\t<\/div>\n\t\t<\/section>\n\t\t\t\t<section class=\"elementor-section elementor-top-section elementor-element elementor-element-78332b5 elementor-section-boxed elementor-section-height-default elementor-section-height-default\" data-id=\"78332b5\" data-element_type=\"section\" data-e-type=\"section\">\n\t\t\t\t\t\t<div class=\"elementor-container elementor-column-gap-default\">\n\t\t\t\t\t<div class=\"elementor-column elementor-col-100 elementor-top-column elementor-element elementor-element-67037bd\" data-id=\"67037bd\" data-element_type=\"column\" data-e-type=\"column\">\n\t\t\t<div class=\"elementor-widget-wrap elementor-element-populated\">\n\t\t\t\t\t\t\t<\/div>\n\t\t<\/div>\n\t\t\t\t\t<\/div>\n\t\t<\/section>\n\t\t\t\t<\/div>","protected":false},"excerpt":{"rendered":"<p>You can participate in tattoo competitions organized in various categories, watch tattoo performances, and have the opportunity to meet tattoo artists from around the world and enjoy a pleasant time with fellow tattoo\u00a0enthusiasts. Details coming soon&#8230;<\/p>","protected":false},"author":1,"featured_media":0,"parent":0,"menu_order":0,"comment_status":"closed","ping_status":"closed","template":"","meta":{"_themeisle_gutenberg_block_has_review":false,"footnotes":""},"class_list":["post-5056","page","type-page","status-publish","hentry"],"aioseo_notices":[],"_links":{"self":[{"href":"https:\/\/izmirtattoofest.com\/tr\/wp-json\/wp\/v2\/pages\/5056","targetHints":{"allow":["GET"]}}],"collection":[{"href":"https:\/\/izmirtattoofest.com\/tr\/wp-json\/wp\/v2\/pages"}],"about":[{"href":"https:\/\/izmirtattoofest.com\/tr\/wp-json\/wp\/v2\/types\/page"}],"author":[{"embeddable":true,"href":"https:\/\/izmirtattoofest.com\/tr\/wp-json\/wp\/v2\/users\/1"}],"replies":[{"embeddable":true,"href":"https:\/\/izmirtattoofest.com\/tr\/wp-json\/wp\/v2\/comments?post=5056"}],"version-history":[{"count":24,"href":"https:\/\/izmirtattoofest.com\/tr\/wp-json\/wp\/v2\/pages\/5056\/revisions"}],"predecessor-version":[{"id":10823,"href":"https:\/\/izmirtattoofest.com\/tr\/wp-json\/wp\/v2\/pages\/5056\/revisions\/10823"}],"wp:attachment":[{"href":"https:\/\/izmirtattoofest.com\/tr\/wp-json\/wp\/v2\/media?parent=5056"}],"curies":[{"name":"wp","href":"https:\/\/api.w.org\/{rel}","templated":true}]}}