{"id":7124,"date":"2023-11-10T16:43:40","date_gmt":"2023-11-10T13:43:40","guid":{"rendered":"https:\/\/izmirtattoofest.com\/?page_id=7124"},"modified":"2023-11-13T09:28:17","modified_gmt":"2023-11-13T06:28:17","slug":"izmir-classical-car-club-is-at-izmir-tattoo-fest","status":"publish","type":"page","link":"https:\/\/izmirtattoofest.com\/tr\/izmir-classical-car-club-is-at-izmir-tattoo-fest\/","title":{"rendered":"Izmir Classical Car Club is at Izmir Tattoo Fest!"},"content":{"rendered":"<div data-elementor-type=\"wp-page\" data-elementor-id=\"7124\" class=\"elementor elementor-7124\">\n\t\t\t\t\t\t<section class=\"elementor-section elementor-top-section elementor-element elementor-element-5d95976 elementor-section-height-min-height elementor-section-items-bottom elementor-section-boxed elementor-section-height-default\" data-id=\"5d95976\" data-element_type=\"section\" data-e-type=\"section\">\n\t\t\t\t\t\t\t<div class=\"elementor-background-overlay\"><\/div>\n\t\t\t\t\t\t\t<div class=\"elementor-container elementor-column-gap-default\">\n\t\t\t\t\t<div class=\"elementor-column elementor-col-100 elementor-top-column elementor-element elementor-element-644925a\" data-id=\"644925a\" data-element_type=\"column\" data-e-type=\"column\">\n\t\t\t<div class=\"elementor-widget-wrap\">\n\t\t\t\t\t\t\t<\/div>\n\t\t<\/div>\n\t\t\t\t\t<\/div>\n\t\t<\/section>\n\t\t\t\t<section class=\"elementor-section elementor-top-section elementor-element elementor-element-d9933f8 elementor-section-full_width elementor-section-height-default elementor-section-height-default\" data-id=\"d9933f8\" data-element_type=\"section\" data-e-type=\"section\">\n\t\t\t\t\t\t<div class=\"elementor-container elementor-column-gap-default\">\n\t\t\t\t\t<div class=\"elementor-column elementor-col-100 elementor-top-column elementor-element elementor-element-636545e\" data-id=\"636545e\" data-element_type=\"column\" data-e-type=\"column\">\n\t\t\t<div class=\"elementor-widget-wrap elementor-element-populated\">\n\t\t\t\t\t\t<section class=\"elementor-section elementor-inner-section elementor-element elementor-element-fd7585c elementor-section-boxed elementor-section-height-default elementor-section-height-default\" data-id=\"fd7585c\" data-element_type=\"section\" data-e-type=\"section\">\n\t\t\t\t\t\t<div class=\"elementor-container elementor-column-gap-default\">\n\t\t\t\t\t<div class=\"elementor-column elementor-col-100 elementor-inner-column elementor-element elementor-element-1998e6a\" data-id=\"1998e6a\" data-element_type=\"column\" data-e-type=\"column\">\n\t\t\t<div class=\"elementor-widget-wrap elementor-element-populated\">\n\t\t\t\t\t\t<div class=\"elementor-element elementor-element-5085265 elementor-widget elementor-widget-image\" data-id=\"5085265\" data-element_type=\"widget\" data-e-type=\"widget\" data-widget_type=\"image.default\">\n\t\t\t\t<div class=\"elementor-widget-container\">\n\t\t\t\t\t\t\t\t\t\t\t\t\t\t\t<img fetchpriority=\"high\" decoding=\"async\" width=\"2560\" height=\"854\" src=\"https:\/\/izmirtattoofest.com\/wp-content\/uploads\/2023\/11\/klsk_3Artboard-11-100-scaled.jpg\" class=\"attachment-full size-full wp-image-7195\" alt=\"\" srcset=\"https:\/\/izmirtattoofest.com\/wp-content\/uploads\/2023\/11\/klsk_3Artboard-11-100-scaled.jpg 2560w, https:\/\/izmirtattoofest.com\/wp-content\/uploads\/2023\/11\/klsk_3Artboard-11-100-300x100.jpg 300w, https:\/\/izmirtattoofest.com\/wp-content\/uploads\/2023\/11\/klsk_3Artboard-11-100-1024x342.jpg 1024w, https:\/\/izmirtattoofest.com\/wp-content\/uploads\/2023\/11\/klsk_3Artboard-11-100-768x256.jpg 768w, https:\/\/izmirtattoofest.com\/wp-content\/uploads\/2023\/11\/klsk_3Artboard-11-100-1536x512.jpg 1536w, https:\/\/izmirtattoofest.com\/wp-content\/uploads\/2023\/11\/klsk_3Artboard-11-100-2048x683.jpg 2048w, https:\/\/izmirtattoofest.com\/wp-content\/uploads\/2023\/11\/klsk_3Artboard-11-100-18x6.jpg 18w, https:\/\/izmirtattoofest.com\/wp-content\/uploads\/2023\/11\/klsk_3Artboard-11-100-630x210.jpg 630w\" sizes=\"(max-width: 2560px) 100vw, 2560px\" \/>\t\t\t\t\t\t\t\t\t\t\t\t\t\t\t<\/div>\n\t\t\t\t<\/div>\n\t\t\t\t<div class=\"elementor-element elementor-element-dabce52 elementor-widget elementor-widget-nighty_elementor_heading\" data-id=\"dabce52\" data-element_type=\"widget\" data-e-type=\"widget\" data-widget_type=\"nighty_elementor_heading.default\">\n\t\t\t\t<div class=\"elementor-widget-container\">\n\t\t\t\t\t\n\t\t<div class=\"ova-heading template2\">\n\n\t\t\t\n\t\t\t\t\t\t\t\n\t\t\t\t\t<h2 class=\"title translation-block\">\u0130zmir <span class=\"word\"> Klasik Otomobil <\/span>Kul\u00fcb\u00fc, \u0130zmir Tattoo Fest'te!<\/h2>\n\n\t\t\t\t\n\t\t\t\n\t\t\t\n\t\t\t\n\t\t\t\n\t\t\t\n\t\t<\/div>\n\n\t\t\t\t\t\t<\/div>\n\t\t\t\t<\/div>\n\t\t\t\t\t<\/div>\n\t\t<\/div>\n\t\t\t\t\t<\/div>\n\t\t<\/section>\n\t\t\t\t\t<\/div>\n\t\t<\/div>\n\t\t\t\t\t<\/div>\n\t\t<\/section>\n\t\t\t\t<section class=\"elementor-section elementor-top-section elementor-element elementor-element-f80f8bc elementor-section-full_width elementor-section-height-default elementor-section-height-default\" data-id=\"f80f8bc\" data-element_type=\"section\" data-e-type=\"section\">\n\t\t\t\t\t\t<div class=\"elementor-container elementor-column-gap-default\">\n\t\t\t\t\t<div class=\"elementor-column elementor-col-100 elementor-top-column elementor-element elementor-element-fec9792\" data-id=\"fec9792\" data-element_type=\"column\" data-e-type=\"column\">\n\t\t\t<div class=\"elementor-widget-wrap elementor-element-populated\">\n\t\t\t\t\t\t<section class=\"elementor-section elementor-inner-section elementor-element elementor-element-d0b6b7a elementor-section-boxed elementor-section-height-default elementor-section-height-default\" data-id=\"d0b6b7a\" data-element_type=\"section\" data-e-type=\"section\">\n\t\t\t\t\t\t<div class=\"elementor-container elementor-column-gap-default\">\n\t\t\t\t\t<div class=\"elementor-column elementor-col-100 elementor-inner-column elementor-element elementor-element-fc2883a\" data-id=\"fc2883a\" data-element_type=\"column\" data-e-type=\"column\">\n\t\t\t<div class=\"elementor-widget-wrap elementor-element-populated\">\n\t\t\t\t\t\t<div class=\"elementor-element elementor-element-3b3bb02 elementor-widget elementor-widget-text-editor\" data-id=\"3b3bb02\" data-element_type=\"widget\" data-e-type=\"widget\" data-widget_type=\"text-editor.default\">\n\t\t\t\t<div class=\"elementor-widget-container\">\n\t\t\t\t\t\t\t\t\t<p>8-9-10 Mart tarihlerinde Fuar \u0130zmir'de ger\u00e7ekle\u015fecek olan \u0130zmir Tattoo Fest, d\u00f6vmelerin b\u00fcy\u00fcl\u00fc d\u00fcnyas\u0131na dair kapsaml\u0131 bir deneyim sunman\u0131n yan\u0131 s\u0131ra, klasik otomobillerle de renklenecek. \u0130zmir Klasik Otomobil Kul\u00fcb\u00fc, nostalji severleri ge\u00e7mi\u015fin b\u00fcy\u00fcleyici d\u00fcnyas\u0131na g\u00f6t\u00fcrecek muhte\u015fem ara\u00e7lar\u0131yla etkinlikte boy g\u00f6stermeye haz\u0131rlan\u0131yor.<\/p><p>Y\u0131llar\u0131n izlerini ta\u015f\u0131yan klasik otomobilleriyle 8-9-10 Mart tarihlerinde Fuar \u0130zmir\u2019de yer alacak \u0130zmir Klasik Otomobil Kul\u00fcb\u00fc, tasar\u0131m\u0131na ve hikayesine hayran kalaca\u011f\u0131n\u0131z klasik otomobilleriyle ge\u00e7mi\u015fin \u015f\u0131kl\u0131\u011f\u0131n\u0131 ve zarafetini g\u00fcn\u00fcm\u00fcze ta\u015f\u0131yarak ziyaret\u00e7ilere unutulmaz bir deneyim sunacak.<\/p>\t\t\t\t\t\t\t\t<\/div>\n\t\t\t\t<\/div>\n\t\t\t\t\t<\/div>\n\t\t<\/div>\n\t\t\t\t\t<\/div>\n\t\t<\/section>\n\t\t\t\t\t<\/div>\n\t\t<\/div>\n\t\t\t\t\t<\/div>\n\t\t<\/section>\n\t\t\t\t<section class=\"elementor-section elementor-top-section elementor-element elementor-element-f798823 elementor-section-boxed elementor-section-height-default elementor-section-height-default\" data-id=\"f798823\" data-element_type=\"section\" data-e-type=\"section\">\n\t\t\t\t\t\t<div class=\"elementor-container elementor-column-gap-default\">\n\t\t\t\t\t<div class=\"elementor-column elementor-col-100 elementor-top-column elementor-element elementor-element-a882c03\" data-id=\"a882c03\" data-element_type=\"column\" data-e-type=\"column\">\n\t\t\t<div class=\"elementor-widget-wrap elementor-element-populated\">\n\t\t\t\t\t\t<div class=\"elementor-element elementor-element-34d940c elementor-widget elementor-widget-nighty_elementor_gallery_event\" data-id=\"34d940c\" data-element_type=\"widget\" data-e-type=\"widget\" data-widget_type=\"nighty_elementor_gallery_event.default\">\n\t\t\t\t<div class=\"elementor-widget-container\">\n\t\t\t\t\t\n\t\t<div class=\"ova-gallery-event template1\">\n\n\t\t\t\t\t\n\t\t\t<div class=\"wrap-content\">\n\t\t\t\n\t\t\t\t\n\t\t\t\t\t\n\t\t\t\t\t\t<div class=\"item elementor-repeater-item-4ab7c69\" data-fancybox=\"gallery-event\" data-src=\"https:\/\/izmirtattoofest.com\/wp-content\/uploads\/2023\/11\/06.jpg\" data-caption=\"\">\n\n\t\t\t\t\t\n\t\t\t\t\t\t\n\t\t\t\t\t\t\t<img decoding=\"async\" src=\"https:\/\/izmirtattoofest.com\/wp-content\/uploads\/2023\/11\/06.jpg\" alt=\"\">\n\n\t\t\t\t\t\t\n\t\t\t\t\t\t<div class=\"content\">\n\t\t\t\t\t\t\n\t\t\t\t\t\t\t<div class=\"wrap-title\">\n\n\t\t\t\t\t\t\t\t\n\t\t\t\t\t\t\t\t\t<span class=\"icon\">\n\t\t\t\t\t\t\t\t\t\t<i aria-hidden=\"true\" class=\"ovaicon ovaicon-instagram-1\"><\/i>\t\t\t\t\t\t\t\t\t<\/span>\t\n\n\t\t\t\t\t\t\t\t\n\t\t\t\t\t\t\t\t\n\t\t\t\t\t\t\t<\/div>\n\t\t\t\t\t\t\t\n\t\t\t\t\t\t\t\n\t\t\t\t\t\t<\/div>\n\n\t\t\t\t\t\t\t\t\t\t\t<\/div>\n\t\t\t\t\t\t\n\t\t\t\t\n\t\t\t\t\t\n\t\t\t\t\t\t<div class=\"item elementor-repeater-item-7632581\" data-fancybox=\"gallery-event\" data-src=\"https:\/\/izmirtattoofest.com\/wp-content\/uploads\/2023\/11\/02.jpg\" data-caption=\"\">\n\n\t\t\t\t\t\n\t\t\t\t\t\t\n\t\t\t\t\t\t\t<img decoding=\"async\" src=\"https:\/\/izmirtattoofest.com\/wp-content\/uploads\/2023\/11\/02.jpg\" alt=\"\">\n\n\t\t\t\t\t\t\n\t\t\t\t\t\t<div class=\"content\">\n\t\t\t\t\t\t\n\t\t\t\t\t\t\t<div class=\"wrap-title\">\n\n\t\t\t\t\t\t\t\t\n\t\t\t\t\t\t\t\t\t<span class=\"icon\">\n\t\t\t\t\t\t\t\t\t\t<i aria-hidden=\"true\" class=\"fab fa-instagram\"><\/i>\t\t\t\t\t\t\t\t\t<\/span>\t\n\n\t\t\t\t\t\t\t\t\n\t\t\t\t\t\t\t\t\n\t\t\t\t\t\t\t<\/div>\n\t\t\t\t\t\t\t\n\t\t\t\t\t\t\t\n\t\t\t\t\t\t<\/div>\n\n\t\t\t\t\t\t\t\t\t\t\t<\/div>\n\t\t\t\t\t\t\n\t\t\t\t\n\t\t\t\t\t\n\t\t\t\t\t\t<div class=\"item elementor-repeater-item-d476e3d\" data-fancybox=\"gallery-event\" data-src=\"https:\/\/izmirtattoofest.com\/wp-content\/uploads\/2023\/11\/03.jpg\" data-caption=\"\">\n\n\t\t\t\t\t\n\t\t\t\t\t\t\n\t\t\t\t\t\t\t<img decoding=\"async\" src=\"https:\/\/izmirtattoofest.com\/wp-content\/uploads\/2023\/11\/03.jpg\" alt=\"\">\n\n\t\t\t\t\t\t\n\t\t\t\t\t\t<div class=\"content\">\n\t\t\t\t\t\t\n\t\t\t\t\t\t\t<div class=\"wrap-title\">\n\n\t\t\t\t\t\t\t\t\n\t\t\t\t\t\t\t\t\t<span class=\"icon\">\n\t\t\t\t\t\t\t\t\t\t<i aria-hidden=\"true\" class=\"fab fa-instagram\"><\/i>\t\t\t\t\t\t\t\t\t<\/span>\t\n\n\t\t\t\t\t\t\t\t\n\t\t\t\t\t\t\t\t\n\t\t\t\t\t\t\t<\/div>\n\t\t\t\t\t\t\t\n\t\t\t\t\t\t\t\n\t\t\t\t\t\t<\/div>\n\n\t\t\t\t\t\t\t\t\t\t\t<\/div>\n\t\t\t\t\t\t\n\t\t\t\t\n\t\t\t\t\t\n\t\t\t\t\t\t<div class=\"item elementor-repeater-item-0178014\" data-fancybox=\"gallery-event\" data-src=\"https:\/\/izmirtattoofest.com\/wp-content\/uploads\/2023\/11\/012.jpg\" data-caption=\"\">\n\n\t\t\t\t\t\n\t\t\t\t\t\t\n\t\t\t\t\t\t\t<img decoding=\"async\" src=\"https:\/\/izmirtattoofest.com\/wp-content\/uploads\/2023\/11\/012.jpg\" alt=\"\">\n\n\t\t\t\t\t\t\n\t\t\t\t\t\t<div class=\"content\">\n\t\t\t\t\t\t\n\t\t\t\t\t\t\t<div class=\"wrap-title\">\n\n\t\t\t\t\t\t\t\t\n\t\t\t\t\t\t\t\t\t<span class=\"icon\">\n\t\t\t\t\t\t\t\t\t\t<i aria-hidden=\"true\" class=\"fab fa-instagram\"><\/i>\t\t\t\t\t\t\t\t\t<\/span>\t\n\n\t\t\t\t\t\t\t\t\n\t\t\t\t\t\t\t\t\n\t\t\t\t\t\t\t<\/div>\n\t\t\t\t\t\t\t\n\t\t\t\t\t\t\t\n\t\t\t\t\t\t<\/div>\n\n\t\t\t\t\t\t\t\t\t\t\t<\/div>\n\t\t\t\t\t\t\n\t\t\t\t\n\t\t\t<\/div>\n\n\t\t<\/div>\n\n\t\t\t\t\t\t<\/div>\n\t\t\t\t<\/div>\n\t\t\t\t\t<\/div>\n\t\t<\/div>\n\t\t\t\t\t<\/div>\n\t\t<\/section>\n\t\t\t\t<section class=\"elementor-section elementor-top-section elementor-element elementor-element-26a0f30 elementor-section-boxed elementor-section-height-default elementor-section-height-default\" data-id=\"26a0f30\" data-element_type=\"section\" data-e-type=\"section\">\n\t\t\t\t\t\t<div class=\"elementor-container elementor-column-gap-no\">\n\t\t\t\t\t<div class=\"elementor-column elementor-col-100 elementor-top-column elementor-element elementor-element-7f37b4b\" data-id=\"7f37b4b\" data-element_type=\"column\" data-e-type=\"column\">\n\t\t\t<div class=\"elementor-widget-wrap elementor-element-populated\">\n\t\t\t\t\t\t<section class=\"elementor-section elementor-inner-section elementor-element elementor-element-edb262b elementor-section-boxed elementor-section-height-default elementor-section-height-default\" data-id=\"edb262b\" data-element_type=\"section\" data-e-type=\"section\">\n\t\t\t\t\t\t<div class=\"elementor-container elementor-column-gap-no\">\n\t\t\t\t\t<div class=\"elementor-column elementor-col-33 elementor-inner-column elementor-element elementor-element-df47ead\" data-id=\"df47ead\" data-element_type=\"column\" data-e-type=\"column\">\n\t\t\t<div class=\"elementor-widget-wrap elementor-element-populated\">\n\t\t\t\t\t\t<div class=\"elementor-element elementor-element-132157f elementor-widget elementor-widget-video\" data-id=\"132157f\" data-element_type=\"widget\" data-e-type=\"widget\" data-settings=\"{&quot;video_type&quot;:&quot;hosted&quot;,&quot;autoplay&quot;:&quot;yes&quot;,&quot;mute&quot;:&quot;yes&quot;,&quot;loop&quot;:&quot;yes&quot;,&quot;controls&quot;:&quot;yes&quot;}\" data-widget_type=\"video.default\">\n\t\t\t\t<div class=\"elementor-widget-container\">\n\t\t\t\t\t\t\t<div class=\"e-hosted-video elementor-wrapper elementor-open-inline\">\n\t\t\t\t\t<video class=\"elementor-video\" src=\"https:\/\/izmirtattoofest.com\/wp-content\/uploads\/2023\/11\/2.mp4\" autoplay=\"\" loop=\"\" controls=\"\" muted=\"muted\" controlslist=\"nodownload\"><\/video>\n\t\t\t\t<\/div>\n\t\t\t\t\t\t<\/div>\n\t\t\t\t<\/div>\n\t\t\t\t\t<\/div>\n\t\t<\/div>\n\t\t\t\t<div class=\"elementor-column elementor-col-33 elementor-inner-column elementor-element elementor-element-1b4faf2\" data-id=\"1b4faf2\" data-element_type=\"column\" data-e-type=\"column\">\n\t\t\t<div class=\"elementor-widget-wrap elementor-element-populated\">\n\t\t\t\t\t\t<div class=\"elementor-element elementor-element-47e9b67 elementor-widget__width-initial elementor-widget elementor-widget-image\" data-id=\"47e9b67\" data-element_type=\"widget\" data-e-type=\"widget\" data-widget_type=\"image.default\">\n\t\t\t\t<div class=\"elementor-widget-container\">\n\t\t\t\t\t\t\t\t\t\t\t\t\t\t\t\t<a href=\"https:\/\/izmirtattoofest.com\/wp-content\/uploads\/2023\/11\/04.jpg\" data-elementor-open-lightbox=\"yes\" data-elementor-lightbox-title=\"04\" data-e-action-hash=\"#elementor-action%3Aaction%3Dlightbox%26settings%3DeyJpZCI6NzE5MCwidXJsIjoiaHR0cHM6XC9cL2l6bWlydGF0dG9vZmVzdC5jb21cL3dwLWNvbnRlbnRcL3VwbG9hZHNcLzIwMjNcLzExXC8wNC5qcGcifQ%3D%3D\">\n\t\t\t\t\t\t\t<img decoding=\"async\" width=\"800\" height=\"800\" src=\"https:\/\/izmirtattoofest.com\/wp-content\/uploads\/2023\/11\/04-1024x1024.jpg\" class=\"attachment-large size-large wp-image-7190\" alt=\"\" srcset=\"https:\/\/izmirtattoofest.com\/wp-content\/uploads\/2023\/11\/04-1024x1024.jpg 1024w, https:\/\/izmirtattoofest.com\/wp-content\/uploads\/2023\/11\/04-300x300.jpg 300w, https:\/\/izmirtattoofest.com\/wp-content\/uploads\/2023\/11\/04-150x150.jpg 150w, https:\/\/izmirtattoofest.com\/wp-content\/uploads\/2023\/11\/04-768x768.jpg 768w, https:\/\/izmirtattoofest.com\/wp-content\/uploads\/2023\/11\/04-12x12.jpg 12w, https:\/\/izmirtattoofest.com\/wp-content\/uploads\/2023\/11\/04-630x630.jpg 630w, https:\/\/izmirtattoofest.com\/wp-content\/uploads\/2023\/11\/04.jpg 1280w\" sizes=\"(max-width: 800px) 100vw, 800px\" \/>\t\t\t\t\t\t\t\t<\/a>\n\t\t\t\t\t\t\t\t\t\t\t\t\t\t\t<\/div>\n\t\t\t\t<\/div>\n\t\t\t\t<div class=\"elementor-element elementor-element-e60a9b3 elementor-widget elementor-widget-image\" data-id=\"e60a9b3\" data-element_type=\"widget\" data-e-type=\"widget\" data-widget_type=\"image.default\">\n\t\t\t\t<div class=\"elementor-widget-container\">\n\t\t\t\t\t\t\t\t\t\t\t\t\t\t\t\t<a href=\"https:\/\/izmirtattoofest.com\/wp-content\/uploads\/2023\/11\/05.jpg\" data-elementor-open-lightbox=\"yes\" data-elementor-lightbox-title=\"05\" data-e-action-hash=\"#elementor-action%3Aaction%3Dlightbox%26settings%3DeyJpZCI6NzE4OSwidXJsIjoiaHR0cHM6XC9cL2l6bWlydGF0dG9vZmVzdC5jb21cL3dwLWNvbnRlbnRcL3VwbG9hZHNcLzIwMjNcLzExXC8wNS5qcGcifQ%3D%3D\">\n\t\t\t\t\t\t\t<img decoding=\"async\" width=\"800\" height=\"800\" src=\"https:\/\/izmirtattoofest.com\/wp-content\/uploads\/2023\/11\/05-1024x1024.jpg\" class=\"attachment-large size-large wp-image-7189\" alt=\"\" srcset=\"https:\/\/izmirtattoofest.com\/wp-content\/uploads\/2023\/11\/05-1024x1024.jpg 1024w, https:\/\/izmirtattoofest.com\/wp-content\/uploads\/2023\/11\/05-300x300.jpg 300w, https:\/\/izmirtattoofest.com\/wp-content\/uploads\/2023\/11\/05-150x150.jpg 150w, https:\/\/izmirtattoofest.com\/wp-content\/uploads\/2023\/11\/05-768x768.jpg 768w, https:\/\/izmirtattoofest.com\/wp-content\/uploads\/2023\/11\/05-12x12.jpg 12w, https:\/\/izmirtattoofest.com\/wp-content\/uploads\/2023\/11\/05-630x630.jpg 630w, https:\/\/izmirtattoofest.com\/wp-content\/uploads\/2023\/11\/05.jpg 1280w\" sizes=\"(max-width: 800px) 100vw, 800px\" \/>\t\t\t\t\t\t\t\t<\/a>\n\t\t\t\t\t\t\t\t\t\t\t\t\t\t\t<\/div>\n\t\t\t\t<\/div>\n\t\t\t\t\t<\/div>\n\t\t<\/div>\n\t\t\t\t<div class=\"elementor-column elementor-col-33 elementor-inner-column elementor-element elementor-element-fd2e6ca\" data-id=\"fd2e6ca\" data-element_type=\"column\" data-e-type=\"column\">\n\t\t\t<div class=\"elementor-widget-wrap elementor-element-populated\">\n\t\t\t\t\t\t<div class=\"elementor-element elementor-element-11cbce4 elementor-widget elementor-widget-video\" data-id=\"11cbce4\" data-element_type=\"widget\" data-e-type=\"widget\" data-settings=\"{&quot;video_type&quot;:&quot;hosted&quot;,&quot;autoplay&quot;:&quot;yes&quot;,&quot;mute&quot;:&quot;yes&quot;,&quot;loop&quot;:&quot;yes&quot;,&quot;controls&quot;:&quot;yes&quot;}\" data-widget_type=\"video.default\">\n\t\t\t\t<div class=\"elementor-widget-container\">\n\t\t\t\t\t\t\t<div class=\"e-hosted-video elementor-wrapper elementor-open-inline\">\n\t\t\t\t\t<video class=\"elementor-video\" src=\"https:\/\/izmirtattoofest.com\/wp-content\/uploads\/2023\/11\/1.mp4\" autoplay=\"\" loop=\"\" controls=\"\" muted=\"muted\" controlslist=\"nodownload\"><\/video>\n\t\t\t\t<\/div>\n\t\t\t\t\t\t<\/div>\n\t\t\t\t<\/div>\n\t\t\t\t\t<\/div>\n\t\t<\/div>\n\t\t\t\t\t<\/div>\n\t\t<\/section>\n\t\t\t\t\t<\/div>\n\t\t<\/div>\n\t\t\t\t\t<\/div>\n\t\t<\/section>\n\t\t\t\t<\/div>","protected":false},"excerpt":{"rendered":"<p>Izmir Classical Car Club is at Izmir Tattoo Fest! Izmir Tattoo Fest, happening at Fuar Izmir on March 8-9-10, not only promises an immersive experience into the magical world of tattoos but also adds a touch of classic cars to the mix. Izmir Classical Car Club is preparing to showcase its magnificent vehicles, carrying enthusiasts [&hellip;]<\/p>\n","protected":false},"author":1,"featured_media":0,"parent":0,"menu_order":0,"comment_status":"closed","ping_status":"closed","template":"elementor_header_footer","meta":{"_themeisle_gutenberg_block_has_review":false,"footnotes":""},"class_list":["post-7124","page","type-page","status-publish","hentry"],"aioseo_notices":[],"_links":{"self":[{"href":"https:\/\/izmirtattoofest.com\/tr\/wp-json\/wp\/v2\/pages\/7124","targetHints":{"allow":["GET"]}}],"collection":[{"href":"https:\/\/izmirtattoofest.com\/tr\/wp-json\/wp\/v2\/pages"}],"about":[{"href":"https:\/\/izmirtattoofest.com\/tr\/wp-json\/wp\/v2\/types\/page"}],"author":[{"embeddable":true,"href":"https:\/\/izmirtattoofest.com\/tr\/wp-json\/wp\/v2\/users\/1"}],"replies":[{"embeddable":true,"href":"https:\/\/izmirtattoofest.com\/tr\/wp-json\/wp\/v2\/comments?post=7124"}],"version-history":[{"count":0,"href":"https:\/\/izmirtattoofest.com\/tr\/wp-json\/wp\/v2\/pages\/7124\/revisions"}],"wp:attachment":[{"href":"https:\/\/izmirtattoofest.com\/tr\/wp-json\/wp\/v2\/media?parent=7124"}],"curies":[{"name":"wp","href":"https:\/\/api.w.org\/{rel}","templated":true}]}}